{"id":1018,"date":"2008-03-15T08:35:10","date_gmt":"2008-03-15T07:35:10","guid":{"rendered":"http:\/\/www.sellingergasse7.at\/wordpress\/?page_id=1018"},"modified":"2015-08-26T10:09:12","modified_gmt":"2015-08-26T08:09:12","slug":"kegeln-am-15-maerz-2008","status":"publish","type":"page","link":"http:\/\/www.sellingergasse7.at\/?page_id=1018","title":{"rendered":"Kegeln 15. M\u00e4rz 2008"},"content":{"rendered":"<h4>himmlisch gut \u2013 h\u00f6llisch sch\u00f6n<\/h4>\n<p>Lang erwartet \u2013 hei\u00df ersehnt \u2013 \u00fcberraschend verlaufen \u2013 himmlisch gut organisiert \u2026\u2026 und h\u00f6llisch sp\u00e4t kommentiert (Soooooooooooooooooooory).<\/p>\n<p>Um 17.00 Uhr war Treffpunkt am Kegelparkett nebst dem Brauereigel\u00e4nde in Schwechat. Bis 19.00 Uhr waren dann alle Spieler\/innen aus der Sellingerstreet (also fast die halbe Stiege 2 \u2013 n\u00e4mlich die 1er, 2er, 5er und 8er &#8211; die 3er konnten diesmal leider nicht dabei sein) und aus Transdanubien (Conny und Christian) vollst\u00e4ndig versammelt. Auch die Jugend hat sich diesmal dazugesellt und wirklich viel Spa\u00df mit den Oldies gehabt.<br \/>\nF\u00fcr das leibliche Wohl wurde durch den Bahnbetreiber nat\u00fcrlich wieder bestens gesorgt und so konnten wir gest\u00e4rkt durchstarten. Mit viel Spa\u00df und unter lautstarken Anfeuerungsrufen wurden die Kegeln nur so durcheinandergewirbelt, wenn die Kugel nicht vorher magnetisch von der Seitenrinne angezogen wurde.<\/p>\n<p>F\u00fcr die \u00dcberraschung des Abends und damit f\u00fcr den Titel dieser Geschichte allerdings sorgten unsere M\u00e4nner:<br \/>\nIn einer kurzen Spielpause sind nach und nach alle Vertreter des starken Geschlechts verschwunden. Die M\u00e4dels \u2013 ganz in kommunikative T\u00e4tigkeiten vertieft \u2013 haben das noch nicht mal gleich bemerkt. Agnete nach einiger Zeit: \u201eWo sind denn die alle hin? Die haben sicher was vor!\u201c \u201eIch kenne doch unsere M\u00e4nner!\u201c<\/p>\n<p>Und dann haben wir nur so geschaut: Die T\u00fcr ging auf und die Kegel-Engerl rauschten ein.<br \/>\nJedes Engerl mit einem tollen Dress, so richtig \u2013 h i m m l i s c h g u t . Und sie w\u00e4ren keine Engel, h\u00e4tten sie nicht auch an uns gedacht: Wir wurden in den Stand eines Kegel-Teufels erhoben und unsere Dressen: &#8211; h \u00f6 l l i s c h s c h \u00f6 n.<br \/>\nLiebe Engerl \u2013 vor allem Dank an die Erzengerln Andi und Alfi &#8211; die \u00dcberraschung ist euch wirklich gelungen. Auch Engerln und Teuferln m\u00fcssen einmal ruhen und so ging zu h\u00f6llisch sp\u00e4ter Stunde ein himmlisch sch\u00f6ner Abend zu Ende.<\/p>\n<p>Aber nicht, ohne den n\u00e4chsten Kegelabend zu fixieren: am 21. Juni 2008, ab 17:00 Uhr geben sich Himmel und H\u00f6lle wieder ein Stelldichein.<\/p>\n<div class=\"foogallery foogallery-container foogallery-thumbnail foogallery-single-thumbnail foogallery-lightbox-foobox-free fg-center fg-thumbnail fg-light fg-border-thin fg-shadow-outline fg-loading-default fg-loaded-fade-in fg-caption-hover fg-hover-slide-down fg-hover-zoom fg-ready\" id=\"foogallery-gallery-1001\" data-foogallery=\"{&quot;item&quot;:{&quot;showCaptionTitle&quot;:true,&quot;showCaptionDescription&quot;:true},&quot;lazy&quot;:true}\" >\n    <div class=\"fg-item fg-type-image fg-idle\"><figure class=\"fg-item-inner\"><a href=\"http:\/\/www.sellingergasse7.at\/wp-content\/uploads\/2015\/08\/Kegeln200803-pic_7.jpg\" data-attachment-id=\"538\" rel=\"lightbox[1001]\" data-type=\"image\" class=\"fg-thumb\"><span class=\"fg-image-wrap\"><img fetchpriority=\"high\" decoding=\"async\" width=\"300\" height=\"200\" class=\"skip-lazy fg-image\" data-src-fg=\"http:\/\/www.sellingergasse7.at\/wp-content\/uploads\/cache\/2015\/08\/Kegeln200803-pic_7\/3295364580.jpg\" src=\"data:image\/svg+xml,%3Csvg%20xmlns%3D%22http%3A%2F%2Fwww.w3.org%2F2000%2Fsvg%22%20width%3D%22300%22%20height%3D%22200%22%20viewBox%3D%220%200%20300%20200%22%3E%3C%2Fsvg%3E\" loading=\"eager\"><\/span><span class=\"fg-image-overlay\"><\/span><\/a><figcaption class=\"fg-caption\"><div class=\"fg-caption-inner\"><div class=\"fg-caption-title\">Klick f\u00fcr Bildershow<\/div><\/div><\/figcaption><\/figure><div class=\"fg-loader\"><\/div><\/div>    <div class=\"fg-st-hidden\">\n    <div class=\"fg-item fg-type-image fg-idle\"><figure class=\"fg-item-inner\"><a href=\"http:\/\/www.sellingergasse7.at\/wp-content\/uploads\/2015\/08\/Kegeln200803-pic_1.jpg\" data-attachment-id=\"532\" rel=\"lightbox[1001]\" data-type=\"image\" class=\"fg-thumb\"><span class=\"fg-image-wrap\"><img decoding=\"async\" width=\"300\" height=\"200\" class=\"skip-lazy fg-image\" data-src-fg=\"http:\/\/www.sellingergasse7.at\/wp-content\/uploads\/cache\/2015\/08\/Kegeln200803-pic_1\/1378517090.jpg\" src=\"data:image\/svg+xml,%3Csvg%20xmlns%3D%22http%3A%2F%2Fwww.w3.org%2F2000%2Fsvg%22%20width%3D%22300%22%20height%3D%22200%22%20viewBox%3D%220%200%20300%20200%22%3E%3C%2Fsvg%3E\" loading=\"eager\"><\/span><span class=\"fg-image-overlay\"><\/span><\/a><figcaption class=\"fg-caption\"><div class=\"fg-caption-inner\"><\/div><\/figcaption><\/figure><div class=\"fg-loader\"><\/div><\/div><div class=\"fg-item fg-type-image fg-idle\"><figure class=\"fg-item-inner\"><a href=\"http:\/\/www.sellingergasse7.at\/wp-content\/uploads\/2015\/08\/Kegeln200803-pic_10.jpg\" data-attachment-id=\"541\" rel=\"lightbox[1001]\" data-type=\"image\" class=\"fg-thumb\"><span class=\"fg-image-wrap\"><img decoding=\"async\" width=\"300\" height=\"200\" class=\"skip-lazy fg-image\" data-src-fg=\"http:\/\/www.sellingergasse7.at\/wp-content\/uploads\/cache\/2015\/08\/Kegeln200803-pic_10\/3797890779.jpg\" src=\"data:image\/svg+xml,%3Csvg%20xmlns%3D%22http%3A%2F%2Fwww.w3.org%2F2000%2Fsvg%22%20width%3D%22300%22%20height%3D%22200%22%20viewBox%3D%220%200%20300%20200%22%3E%3C%2Fsvg%3E\" loading=\"eager\"><\/span><span class=\"fg-image-overlay\"><\/span><\/a><figcaption class=\"fg-caption\"><div class=\"fg-caption-inner\"><\/div><\/figcaption><\/figure><div class=\"fg-loader\"><\/div><\/div><div class=\"fg-item fg-type-image fg-idle\"><figure class=\"fg-item-inner\"><a href=\"http:\/\/www.sellingergasse7.at\/wp-content\/uploads\/2015\/08\/Kegeln200803-pic_11.jpg\" data-attachment-id=\"542\" rel=\"lightbox[1001]\" data-type=\"image\" class=\"fg-thumb\"><span class=\"fg-image-wrap\"><img decoding=\"async\" width=\"300\" height=\"200\" class=\"skip-lazy fg-image\" data-src-fg=\"http:\/\/www.sellingergasse7.at\/wp-content\/uploads\/cache\/2015\/08\/Kegeln200803-pic_11\/3290053280.jpg\" src=\"data:image\/svg+xml,%3Csvg%20xmlns%3D%22http%3A%2F%2Fwww.w3.org%2F2000%2Fsvg%22%20width%3D%22300%22%20height%3D%22200%22%20viewBox%3D%220%200%20300%20200%22%3E%3C%2Fsvg%3E\" loading=\"eager\"><\/span><span class=\"fg-image-overlay\"><\/span><\/a><figcaption class=\"fg-caption\"><div class=\"fg-caption-inner\"><\/div><\/figcaption><\/figure><div class=\"fg-loader\"><\/div><\/div><div class=\"fg-item fg-type-image fg-idle\"><figure class=\"fg-item-inner\"><a href=\"http:\/\/www.sellingergasse7.at\/wp-content\/uploads\/2015\/08\/Kegeln200803-pic_12.jpg\" data-attachment-id=\"543\" rel=\"lightbox[1001]\" data-type=\"image\" class=\"fg-thumb\"><span class=\"fg-image-wrap\"><img decoding=\"async\" width=\"300\" height=\"200\" class=\"skip-lazy fg-image\" data-src-fg=\"http:\/\/www.sellingergasse7.at\/wp-content\/uploads\/cache\/2015\/08\/Kegeln200803-pic_12\/2782971103.jpg\" src=\"data:image\/svg+xml,%3Csvg%20xmlns%3D%22http%3A%2F%2Fwww.w3.org%2F2000%2Fsvg%22%20width%3D%22300%22%20height%3D%22200%22%20viewBox%3D%220%200%20300%20200%22%3E%3C%2Fsvg%3E\" loading=\"eager\"><\/span><span class=\"fg-image-overlay\"><\/span><\/a><figcaption class=\"fg-caption\"><div class=\"fg-caption-inner\"><\/div><\/figcaption><\/figure><div class=\"fg-loader\"><\/div><\/div><div class=\"fg-item fg-type-image fg-idle\"><figure class=\"fg-item-inner\"><a href=\"http:\/\/www.sellingergasse7.at\/wp-content\/uploads\/2015\/08\/Kegeln200803-pic_13.jpg\" data-attachment-id=\"544\" rel=\"lightbox[1001]\" data-type=\"image\" class=\"fg-thumb\"><span class=\"fg-image-wrap\"><img decoding=\"async\" width=\"300\" height=\"200\" class=\"skip-lazy fg-image\" data-src-fg=\"http:\/\/www.sellingergasse7.at\/wp-content\/uploads\/cache\/2015\/08\/Kegeln200803-pic_13\/2291147350.jpg\" src=\"data:image\/svg+xml,%3Csvg%20xmlns%3D%22http%3A%2F%2Fwww.w3.org%2F2000%2Fsvg%22%20width%3D%22300%22%20height%3D%22200%22%20viewBox%3D%220%200%20300%20200%22%3E%3C%2Fsvg%3E\" loading=\"eager\"><\/span><span class=\"fg-image-overlay\"><\/span><\/a><figcaption class=\"fg-caption\"><div class=\"fg-caption-inner\"><\/div><\/figcaption><\/figure><div class=\"fg-loader\"><\/div><\/div><div class=\"fg-item fg-type-image fg-idle\"><figure class=\"fg-item-inner\"><a href=\"http:\/\/www.sellingergasse7.at\/wp-content\/uploads\/2015\/08\/Kegeln200803-pic_14.jpg\" data-attachment-id=\"545\" rel=\"lightbox[1001]\" data-type=\"image\" class=\"fg-thumb\"><span class=\"fg-image-wrap\"><img decoding=\"async\" width=\"300\" height=\"200\" class=\"skip-lazy fg-image\" data-src-fg=\"http:\/\/www.sellingergasse7.at\/wp-content\/uploads\/cache\/2015\/08\/Kegeln200803-pic_14\/1830867667.jpg\" src=\"data:image\/svg+xml,%3Csvg%20xmlns%3D%22http%3A%2F%2Fwww.w3.org%2F2000%2Fsvg%22%20width%3D%22300%22%20height%3D%22200%22%20viewBox%3D%220%200%20300%20200%22%3E%3C%2Fsvg%3E\" loading=\"eager\"><\/span><span class=\"fg-image-overlay\"><\/span><\/a><figcaption class=\"fg-caption\"><div class=\"fg-caption-inner\"><\/div><\/figcaption><\/figure><div class=\"fg-loader\"><\/div><\/div><div class=\"fg-item fg-type-image fg-idle\"><figure class=\"fg-item-inner\"><a href=\"http:\/\/www.sellingergasse7.at\/wp-content\/uploads\/2015\/08\/Kegeln200803-pic_15.jpg\" data-attachment-id=\"546\" rel=\"lightbox[1001]\" data-type=\"image\" class=\"fg-thumb\"><span class=\"fg-image-wrap\"><img decoding=\"async\" width=\"300\" height=\"200\" class=\"skip-lazy fg-image\" data-src-fg=\"http:\/\/www.sellingergasse7.at\/wp-content\/uploads\/cache\/2015\/08\/Kegeln200803-pic_15\/1264967336.jpg\" src=\"data:image\/svg+xml,%3Csvg%20xmlns%3D%22http%3A%2F%2Fwww.w3.org%2F2000%2Fsvg%22%20width%3D%22300%22%20height%3D%22200%22%20viewBox%3D%220%200%20300%20200%22%3E%3C%2Fsvg%3E\" loading=\"eager\"><\/span><span class=\"fg-image-overlay\"><\/span><\/a><figcaption class=\"fg-caption\"><div class=\"fg-caption-inner\"><\/div><\/figcaption><\/figure><div class=\"fg-loader\"><\/div><\/div><div class=\"fg-item fg-type-image fg-idle\"><figure class=\"fg-item-inner\"><a href=\"http:\/\/www.sellingergasse7.at\/wp-content\/uploads\/2015\/08\/Kegeln200803-pic_16.jpg\" data-attachment-id=\"547\" rel=\"lightbox[1001]\" data-type=\"image\" class=\"fg-thumb\"><span class=\"fg-image-wrap\"><img decoding=\"async\" width=\"300\" height=\"200\" class=\"skip-lazy fg-image\" data-src-fg=\"http:\/\/www.sellingergasse7.at\/wp-content\/uploads\/cache\/2015\/08\/Kegeln200803-pic_16\/715071703.jpg\" src=\"data:image\/svg+xml,%3Csvg%20xmlns%3D%22http%3A%2F%2Fwww.w3.org%2F2000%2Fsvg%22%20width%3D%22300%22%20height%3D%22200%22%20viewBox%3D%220%200%20300%20200%22%3E%3C%2Fsvg%3E\" loading=\"eager\"><\/span><span class=\"fg-image-overlay\"><\/span><\/a><figcaption class=\"fg-caption\"><div class=\"fg-caption-inner\"><\/div><\/figcaption><\/figure><div class=\"fg-loader\"><\/div><\/div><div class=\"fg-item fg-type-image fg-idle\"><figure class=\"fg-item-inner\"><a href=\"http:\/\/www.sellingergasse7.at\/wp-content\/uploads\/2015\/08\/Kegeln200803-pic_17.jpg\" data-attachment-id=\"548\" rel=\"lightbox[1001]\" data-type=\"image\" class=\"fg-thumb\"><span class=\"fg-image-wrap\"><img decoding=\"async\" width=\"300\" height=\"200\" class=\"skip-lazy fg-image\" data-src-fg=\"http:\/\/www.sellingergasse7.at\/wp-content\/uploads\/cache\/2015\/08\/Kegeln200803-pic_17\/293868474.jpg\" src=\"data:image\/svg+xml,%3Csvg%20xmlns%3D%22http%3A%2F%2Fwww.w3.org%2F2000%2Fsvg%22%20width%3D%22300%22%20height%3D%22200%22%20viewBox%3D%220%200%20300%20200%22%3E%3C%2Fsvg%3E\" loading=\"eager\"><\/span><span class=\"fg-image-overlay\"><\/span><\/a><figcaption class=\"fg-caption\"><div class=\"fg-caption-inner\"><\/div><\/figcaption><\/figure><div class=\"fg-loader\"><\/div><\/div><div class=\"fg-item fg-type-image fg-idle\"><figure class=\"fg-item-inner\"><a href=\"http:\/\/www.sellingergasse7.at\/wp-content\/uploads\/2015\/08\/Kegeln200803-pic_18.jpg\" data-attachment-id=\"549\" rel=\"lightbox[1001]\" data-type=\"image\" class=\"fg-thumb\"><span class=\"fg-image-wrap\"><img decoding=\"async\" width=\"300\" height=\"200\" class=\"skip-lazy fg-image\" data-src-fg=\"http:\/\/www.sellingergasse7.at\/wp-content\/uploads\/cache\/2015\/08\/Kegeln200803-pic_18\/668072074.jpg\" src=\"data:image\/svg+xml,%3Csvg%20xmlns%3D%22http%3A%2F%2Fwww.w3.org%2F2000%2Fsvg%22%20width%3D%22300%22%20height%3D%22200%22%20viewBox%3D%220%200%20300%20200%22%3E%3C%2Fsvg%3E\" loading=\"eager\"><\/span><span class=\"fg-image-overlay\"><\/span><\/a><figcaption class=\"fg-caption\"><div class=\"fg-caption-inner\"><\/div><\/figcaption><\/figure><div class=\"fg-loader\"><\/div><\/div><div class=\"fg-item fg-type-image fg-idle\"><figure class=\"fg-item-inner\"><a href=\"http:\/\/www.sellingergasse7.at\/wp-content\/uploads\/2015\/08\/Kegeln200803-pic_19.jpg\" data-attachment-id=\"550\" rel=\"lightbox[1001]\" data-type=\"image\" class=\"fg-thumb\"><span class=\"fg-image-wrap\"><img decoding=\"async\" width=\"300\" height=\"200\" class=\"skip-lazy fg-image\" data-src-fg=\"http:\/\/www.sellingergasse7.at\/wp-content\/uploads\/cache\/2015\/08\/Kegeln200803-pic_19\/3946020602.jpg\" src=\"data:image\/svg+xml,%3Csvg%20xmlns%3D%22http%3A%2F%2Fwww.w3.org%2F2000%2Fsvg%22%20width%3D%22300%22%20height%3D%22200%22%20viewBox%3D%220%200%20300%20200%22%3E%3C%2Fsvg%3E\" loading=\"eager\"><\/span><span class=\"fg-image-overlay\"><\/span><\/a><figcaption class=\"fg-caption\"><div class=\"fg-caption-inner\"><\/div><\/figcaption><\/figure><div class=\"fg-loader\"><\/div><\/div><div class=\"fg-item fg-type-image fg-idle\"><figure class=\"fg-item-inner\"><a href=\"http:\/\/www.sellingergasse7.at\/wp-content\/uploads\/2015\/08\/Kegeln200803-pic_2.jpg\" data-attachment-id=\"533\" rel=\"lightbox[1001]\" data-type=\"image\" class=\"fg-thumb\"><span class=\"fg-image-wrap\"><img decoding=\"async\" width=\"300\" height=\"200\" class=\"skip-lazy fg-image\" data-src-fg=\"http:\/\/www.sellingergasse7.at\/wp-content\/uploads\/cache\/2015\/08\/Kegeln200803-pic_2\/2085368258.jpg\" src=\"data:image\/svg+xml,%3Csvg%20xmlns%3D%22http%3A%2F%2Fwww.w3.org%2F2000%2Fsvg%22%20width%3D%22300%22%20height%3D%22200%22%20viewBox%3D%220%200%20300%20200%22%3E%3C%2Fsvg%3E\" loading=\"eager\"><\/span><span class=\"fg-image-overlay\"><\/span><\/a><figcaption class=\"fg-caption\"><div class=\"fg-caption-inner\"><\/div><\/figcaption><\/figure><div class=\"fg-loader\"><\/div><\/div><div class=\"fg-item fg-type-image fg-idle\"><figure class=\"fg-item-inner\"><a href=\"http:\/\/www.sellingergasse7.at\/wp-content\/uploads\/2015\/08\/Kegeln200803-pic_20.jpg\" data-attachment-id=\"551\" rel=\"lightbox[1001]\" data-type=\"image\" class=\"fg-thumb\"><span class=\"fg-image-wrap\"><img decoding=\"async\" width=\"300\" height=\"200\" class=\"skip-lazy fg-image\" data-src-fg=\"http:\/\/www.sellingergasse7.at\/wp-content\/uploads\/cache\/2015\/08\/Kegeln200803-pic_20\/579117192.jpg\" src=\"data:image\/svg+xml,%3Csvg%20xmlns%3D%22http%3A%2F%2Fwww.w3.org%2F2000%2Fsvg%22%20width%3D%22300%22%20height%3D%22200%22%20viewBox%3D%220%200%20300%20200%22%3E%3C%2Fsvg%3E\" loading=\"eager\"><\/span><span class=\"fg-image-overlay\"><\/span><\/a><figcaption class=\"fg-caption\"><div class=\"fg-caption-inner\"><\/div><\/figcaption><\/figure><div class=\"fg-loader\"><\/div><\/div><div class=\"fg-item fg-type-image fg-idle\"><figure class=\"fg-item-inner\"><a href=\"http:\/\/www.sellingergasse7.at\/wp-content\/uploads\/2015\/08\/Kegeln200803-pic_21.jpg\" data-attachment-id=\"552\" rel=\"lightbox[1001]\" data-type=\"image\" class=\"fg-thumb\"><span class=\"fg-image-wrap\"><img decoding=\"async\" width=\"300\" height=\"200\" class=\"skip-lazy fg-image\" data-src-fg=\"http:\/\/www.sellingergasse7.at\/wp-content\/uploads\/cache\/2015\/08\/Kegeln200803-pic_21\/79801587.jpg\" src=\"data:image\/svg+xml,%3Csvg%20xmlns%3D%22http%3A%2F%2Fwww.w3.org%2F2000%2Fsvg%22%20width%3D%22300%22%20height%3D%22200%22%20viewBox%3D%220%200%20300%20200%22%3E%3C%2Fsvg%3E\" loading=\"eager\"><\/span><span class=\"fg-image-overlay\"><\/span><\/a><figcaption class=\"fg-caption\"><div class=\"fg-caption-inner\"><\/div><\/figcaption><\/figure><div class=\"fg-loader\"><\/div><\/div><div class=\"fg-item fg-type-image fg-idle\"><figure class=\"fg-item-inner\"><a href=\"http:\/\/www.sellingergasse7.at\/wp-content\/uploads\/2015\/08\/Kegeln200803-pic_22.jpg\" data-attachment-id=\"553\" rel=\"lightbox[1001]\" data-type=\"image\" class=\"fg-thumb\"><span class=\"fg-image-wrap\"><img decoding=\"async\" width=\"300\" height=\"200\" class=\"skip-lazy fg-image\" data-src-fg=\"http:\/\/www.sellingergasse7.at\/wp-content\/uploads\/cache\/2015\/08\/Kegeln200803-pic_22\/1698386572.jpg\" src=\"data:image\/svg+xml,%3Csvg%20xmlns%3D%22http%3A%2F%2Fwww.w3.org%2F2000%2Fsvg%22%20width%3D%22300%22%20height%3D%22200%22%20viewBox%3D%220%200%20300%20200%22%3E%3C%2Fsvg%3E\" loading=\"eager\"><\/span><span class=\"fg-image-overlay\"><\/span><\/a><figcaption class=\"fg-caption\"><div class=\"fg-caption-inner\"><\/div><\/figcaption><\/figure><div class=\"fg-loader\"><\/div><\/div><div class=\"fg-item fg-type-image fg-idle\"><figure class=\"fg-item-inner\"><a href=\"http:\/\/www.sellingergasse7.at\/wp-content\/uploads\/2015\/08\/Kegeln200803-pic_23.jpg\" data-attachment-id=\"554\" rel=\"lightbox[1001]\" data-type=\"image\" class=\"fg-thumb\"><span class=\"fg-image-wrap\"><img decoding=\"async\" width=\"300\" height=\"200\" class=\"skip-lazy fg-image\" data-src-fg=\"http:\/\/www.sellingergasse7.at\/wp-content\/uploads\/cache\/2015\/08\/Kegeln200803-pic_23\/1212920837.jpg\" src=\"data:image\/svg+xml,%3Csvg%20xmlns%3D%22http%3A%2F%2Fwww.w3.org%2F2000%2Fsvg%22%20width%3D%22300%22%20height%3D%22200%22%20viewBox%3D%220%200%20300%20200%22%3E%3C%2Fsvg%3E\" loading=\"eager\"><\/span><span class=\"fg-image-overlay\"><\/span><\/a><figcaption class=\"fg-caption\"><div class=\"fg-caption-inner\"><\/div><\/figcaption><\/figure><div class=\"fg-loader\"><\/div><\/div><div class=\"fg-item fg-type-image fg-idle\"><figure class=\"fg-item-inner\"><a href=\"http:\/\/www.sellingergasse7.at\/wp-content\/uploads\/2015\/08\/Kegeln200803-pic_24.jpg\" data-attachment-id=\"555\" rel=\"lightbox[1001]\" data-type=\"image\" class=\"fg-thumb\"><span class=\"fg-image-wrap\"><img decoding=\"async\" width=\"300\" height=\"200\" class=\"skip-lazy fg-image\" data-src-fg=\"http:\/\/www.sellingergasse7.at\/wp-content\/uploads\/cache\/2015\/08\/Kegeln200803-pic_24\/2918925440.jpg\" src=\"data:image\/svg+xml,%3Csvg%20xmlns%3D%22http%3A%2F%2Fwww.w3.org%2F2000%2Fsvg%22%20width%3D%22300%22%20height%3D%22200%22%20viewBox%3D%220%200%20300%20200%22%3E%3C%2Fsvg%3E\" loading=\"eager\"><\/span><span class=\"fg-image-overlay\"><\/span><\/a><figcaption class=\"fg-caption\"><div class=\"fg-caption-inner\"><\/div><\/figcaption><\/figure><div class=\"fg-loader\"><\/div><\/div><div class=\"fg-item fg-type-image fg-idle\"><figure class=\"fg-item-inner\"><a href=\"http:\/\/www.sellingergasse7.at\/wp-content\/uploads\/2015\/08\/Kegeln200803-pic_25.jpg\" data-attachment-id=\"556\" rel=\"lightbox[1001]\" data-type=\"image\" class=\"fg-thumb\"><span class=\"fg-image-wrap\"><img decoding=\"async\" width=\"300\" height=\"200\" class=\"skip-lazy fg-image\" data-src-fg=\"http:\/\/www.sellingergasse7.at\/wp-content\/uploads\/cache\/2015\/08\/Kegeln200803-pic_25\/2344503547.jpg\" src=\"data:image\/svg+xml,%3Csvg%20xmlns%3D%22http%3A%2F%2Fwww.w3.org%2F2000%2Fsvg%22%20width%3D%22300%22%20height%3D%22200%22%20viewBox%3D%220%200%20300%20200%22%3E%3C%2Fsvg%3E\" loading=\"eager\"><\/span><span class=\"fg-image-overlay\"><\/span><\/a><figcaption class=\"fg-caption\"><div class=\"fg-caption-inner\"><\/div><\/figcaption><\/figure><div class=\"fg-loader\"><\/div><\/div><div class=\"fg-item fg-type-image fg-idle\"><figure class=\"fg-item-inner\"><a href=\"http:\/\/www.sellingergasse7.at\/wp-content\/uploads\/2015\/08\/Kegeln200803-pic_3.jpg\" data-attachment-id=\"534\" rel=\"lightbox[1001]\" data-type=\"image\" class=\"fg-thumb\"><span class=\"fg-image-wrap\"><img decoding=\"async\" width=\"300\" height=\"200\" class=\"skip-lazy fg-image\" data-src-fg=\"http:\/\/www.sellingergasse7.at\/wp-content\/uploads\/cache\/2015\/08\/Kegeln200803-pic_3\/1687698967.jpg\" src=\"data:image\/svg+xml,%3Csvg%20xmlns%3D%22http%3A%2F%2Fwww.w3.org%2F2000%2Fsvg%22%20width%3D%22300%22%20height%3D%22200%22%20viewBox%3D%220%200%20300%20200%22%3E%3C%2Fsvg%3E\" loading=\"eager\"><\/span><span class=\"fg-image-overlay\"><\/span><\/a><figcaption class=\"fg-caption\"><div class=\"fg-caption-inner\"><\/div><\/figcaption><\/figure><div class=\"fg-loader\"><\/div><\/div><div class=\"fg-item fg-type-image fg-idle\"><figure class=\"fg-item-inner\"><a href=\"http:\/\/www.sellingergasse7.at\/wp-content\/uploads\/2015\/08\/Kegeln200803-pic_4.jpg\" data-attachment-id=\"535\" rel=\"lightbox[1001]\" data-type=\"image\" class=\"fg-thumb\"><span class=\"fg-image-wrap\"><img decoding=\"async\" width=\"300\" height=\"200\" class=\"skip-lazy fg-image\" data-src-fg=\"http:\/\/www.sellingergasse7.at\/wp-content\/uploads\/cache\/2015\/08\/Kegeln200803-pic_4\/3467936077.jpg\" src=\"data:image\/svg+xml,%3Csvg%20xmlns%3D%22http%3A%2F%2Fwww.w3.org%2F2000%2Fsvg%22%20width%3D%22300%22%20height%3D%22200%22%20viewBox%3D%220%200%20300%20200%22%3E%3C%2Fsvg%3E\" loading=\"eager\"><\/span><span class=\"fg-image-overlay\"><\/span><\/a><figcaption class=\"fg-caption\"><div class=\"fg-caption-inner\"><\/div><\/figcaption><\/figure><div class=\"fg-loader\"><\/div><\/div><div class=\"fg-item fg-type-image fg-idle\"><figure class=\"fg-item-inner\"><a href=\"http:\/\/www.sellingergasse7.at\/wp-content\/uploads\/2015\/08\/Kegeln200803-pic_5.jpg\" data-attachment-id=\"536\" rel=\"lightbox[1001]\" data-type=\"image\" class=\"fg-thumb\"><span class=\"fg-image-wrap\"><img decoding=\"async\" width=\"300\" height=\"200\" class=\"skip-lazy fg-image\" data-src-fg=\"http:\/\/www.sellingergasse7.at\/wp-content\/uploads\/cache\/2015\/08\/Kegeln200803-pic_5\/945118551.jpg\" src=\"data:image\/svg+xml,%3Csvg%20xmlns%3D%22http%3A%2F%2Fwww.w3.org%2F2000%2Fsvg%22%20width%3D%22300%22%20height%3D%22200%22%20viewBox%3D%220%200%20300%20200%22%3E%3C%2Fsvg%3E\" loading=\"eager\"><\/span><span class=\"fg-image-overlay\"><\/span><\/a><figcaption class=\"fg-caption\"><div class=\"fg-caption-inner\"><\/div><\/figcaption><\/figure><div class=\"fg-loader\"><\/div><\/div><div class=\"fg-item fg-type-image fg-idle\"><figure class=\"fg-item-inner\"><a href=\"http:\/\/www.sellingergasse7.at\/wp-content\/uploads\/2015\/08\/Kegeln200803-pic_6.jpg\" data-attachment-id=\"537\" rel=\"lightbox[1001]\" data-type=\"image\" class=\"fg-thumb\"><span class=\"fg-image-wrap\"><img decoding=\"async\" width=\"300\" height=\"200\" class=\"skip-lazy fg-image\" data-src-fg=\"http:\/\/www.sellingergasse7.at\/wp-content\/uploads\/cache\/2015\/08\/Kegeln200803-pic_6\/372501751.jpg\" src=\"data:image\/svg+xml,%3Csvg%20xmlns%3D%22http%3A%2F%2Fwww.w3.org%2F2000%2Fsvg%22%20width%3D%22300%22%20height%3D%22200%22%20viewBox%3D%220%200%20300%20200%22%3E%3C%2Fsvg%3E\" loading=\"eager\"><\/span><span class=\"fg-image-overlay\"><\/span><\/a><figcaption class=\"fg-caption\"><div class=\"fg-caption-inner\"><\/div><\/figcaption><\/figure><div class=\"fg-loader\"><\/div><\/div><div class=\"fg-item fg-type-image fg-idle\"><figure class=\"fg-item-inner\"><a href=\"http:\/\/www.sellingergasse7.at\/wp-content\/uploads\/2015\/08\/Kegeln200803-pic_8.jpg\" data-attachment-id=\"539\" rel=\"lightbox[1001]\" data-type=\"image\" class=\"fg-thumb\"><span class=\"fg-image-wrap\"><img decoding=\"async\" width=\"300\" height=\"200\" class=\"skip-lazy fg-image\" data-src-fg=\"http:\/\/www.sellingergasse7.at\/wp-content\/uploads\/cache\/2015\/08\/Kegeln200803-pic_8\/1882514962.jpg\" src=\"data:image\/svg+xml,%3Csvg%20xmlns%3D%22http%3A%2F%2Fwww.w3.org%2F2000%2Fsvg%22%20width%3D%22300%22%20height%3D%22200%22%20viewBox%3D%220%200%20300%20200%22%3E%3C%2Fsvg%3E\" loading=\"eager\"><\/span><span class=\"fg-image-overlay\"><\/span><\/a><figcaption class=\"fg-caption\"><div class=\"fg-caption-inner\"><\/div><\/figcaption><\/figure><div class=\"fg-loader\"><\/div><\/div><div class=\"fg-item fg-type-image fg-idle\"><figure class=\"fg-item-inner\"><a href=\"http:\/\/www.sellingergasse7.at\/wp-content\/uploads\/2015\/08\/Kegeln200803-pic_9.jpg\" data-attachment-id=\"540\" rel=\"lightbox[1001]\" data-type=\"image\" class=\"fg-thumb\"><span class=\"fg-image-wrap\"><img decoding=\"async\" width=\"300\" height=\"200\" class=\"skip-lazy fg-image\" data-src-fg=\"http:\/\/www.sellingergasse7.at\/wp-content\/uploads\/cache\/2015\/08\/Kegeln200803-pic_9\/4206302983.jpg\" src=\"data:image\/svg+xml,%3Csvg%20xmlns%3D%22http%3A%2F%2Fwww.w3.org%2F2000%2Fsvg%22%20width%3D%22300%22%20height%3D%22200%22%20viewBox%3D%220%200%20300%20200%22%3E%3C%2Fsvg%3E\" loading=\"eager\"><\/span><span class=\"fg-image-overlay\"><\/span><\/a><figcaption class=\"fg-caption\"><div class=\"fg-caption-inner\"><\/div><\/figcaption><\/figure><div class=\"fg-loader\"><\/div><\/div>    <\/div>\n<\/div>\n\n","protected":false},"excerpt":{"rendered":"<p>himmlisch gut \u2013 h\u00f6llisch sch\u00f6n Lang erwartet \u2013 hei\u00df ersehnt \u2013 \u00fcberraschend verlaufen \u2013 himmlisch gut organisiert \u2026\u2026 und h\u00f6llisch sp\u00e4t kommentiert (Soooooooooooooooooooory). Um 17.00 Uhr war Treffpunkt am Kegelparkett nebst dem Brauereigel\u00e4nde in Schwechat. Bis 19.00 Uhr waren dann alle Spieler\/innen aus der Sellingerstreet (also fast die halbe Stiege 2 \u2013 n\u00e4mlich die 1er, [&hellip;]<\/p>\n","protected":false},"author":1,"featured_media":0,"parent":154,"menu_order":92,"comment_status":"closed","ping_status":"closed","template":"","meta":{"footnotes":""},"class_list":["post-1018","page","type-page","status-publish","czr-hentry"],"_links":{"self":[{"href":"http:\/\/www.sellingergasse7.at\/index.php?rest_route=\/wp\/v2\/pages\/1018","targetHints":{"allow":["GET"]}}],"collection":[{"href":"http:\/\/www.sellingergasse7.at\/index.php?rest_route=\/wp\/v2\/pages"}],"about":[{"href":"http:\/\/www.sellingergasse7.at\/index.php?rest_route=\/wp\/v2\/types\/page"}],"author":[{"embeddable":true,"href":"http:\/\/www.sellingergasse7.at\/index.php?rest_route=\/wp\/v2\/users\/1"}],"replies":[{"embeddable":true,"href":"http:\/\/www.sellingergasse7.at\/index.php?rest_route=%2Fwp%2Fv2%2Fcomments&post=1018"}],"version-history":[{"count":3,"href":"http:\/\/www.sellingergasse7.at\/index.php?rest_route=\/wp\/v2\/pages\/1018\/revisions"}],"predecessor-version":[{"id":1032,"href":"http:\/\/www.sellingergasse7.at\/index.php?rest_route=\/wp\/v2\/pages\/1018\/revisions\/1032"}],"up":[{"embeddable":true,"href":"http:\/\/www.sellingergasse7.at\/index.php?rest_route=\/wp\/v2\/pages\/154"}],"wp:attachment":[{"href":"http:\/\/www.sellingergasse7.at\/index.php?rest_route=%2Fwp%2Fv2%2Fmedia&parent=1018"}],"curies":[{"name":"wp","href":"https:\/\/api.w.org\/{rel}","templated":true}]}}