{"id":154,"date":"2015-08-24T13:46:26","date_gmt":"2015-08-24T11:46:26","guid":{"rendered":"http:\/\/www.sellingergasse7.at\/wordpress\/?page_id=154"},"modified":"2025-08-26T16:34:53","modified_gmt":"2025-08-26T14:34:53","slug":"events","status":"publish","type":"page","link":"http:\/\/www.sellingergasse7.at\/?page_id=154","title":{"rendered":"Events"},"content":{"rendered":"<h4>Was haben wir schon alles gemeinsam erlebt:<\/h4>\n<p>23.08.2025: <a href=\"http:\/\/www.sellingergasse7.at\/?page_id=1727\">Sommerfest 20 Jahre Sellingergasse7<\/a><\/p>\n<p>24.08.2024: <a href=\"http:\/\/www.sellingergasse7.at\/?page_id=1707\">Sommerfest<\/a><\/p>\n<p>26.08.2023: <a href=\"http:\/\/www.sellingergasse7.at\/?page_id=1682\">Sommerfest<\/a><\/p>\n<p>27.08.2022: <a href=\"http:\/\/www.sellingergasse7.at\/?page_id=1679\">Sommerfest<\/a><\/p>\n<p>28.08.2021: <a href=\"http:\/\/www.sellingergasse7.at\/?page_id=1656\">Sommerfest<\/a><\/p>\n<p><span class=\"inside\">30.08.2020: <a href=\"http:\/\/www.sellingergasse7.at\/?page_id=1535\">Sommerfest<\/a> <\/span><\/p>\n<p><span class=\"inside\">24.08.2019: <a href=\"http:\/\/www.sellingergasse7.at\/?page_id=1537\">Sommerfest<\/a> <\/span><\/p>\n<p><span class=\"inside\">07.04.2019: <a href=\"http:\/\/www.sellingergasse7.at\/?page_id=1532\">Bau eines Gemeinschafts-Hochbeetes<\/a> <\/span><\/p>\n<p><span class=\"inside\">25.08.2018: <a href=\"http:\/\/www.sellingergasse7.at\/?page_id=1522\">Sommerfest<\/a> <\/span><\/p>\n<p><span class=\"inside\">25.11.2017: <a href=\"http:\/\/www.sellingergasse7.at\/?page_id=1472\">Kegeln<\/a> <\/span><\/p>\n<p><span class=\"inside\">26.08.2017: <a href=\"http:\/\/www.sellingergasse7.at\/?page_id=1432\">Sommerfest<\/a> <\/span><\/p>\n<p><span class=\"inside\">27.08.2016: <a href=\"http:\/\/www.sellingergasse7.at\/?page_id=1425\">Sommerfest<\/a> <\/span><\/p>\n<p><span class=\"inside\">30.01.2016: <a href=\"http:\/\/www.sellingergasse7.at\/?page_id=1319\">Kegelabend<\/a> <\/span><\/p>\n<p><span class=\"inside\">05.01.2016: <a href=\"http:\/\/www.sellingergasse7.at\/?page_id=1281\">Punschabend<\/a><\/span><\/p>\n<p><span class=\"inside\">21.08.2015: <a href=\"http:\/\/www.sellingergasse7.at\/?page_id=1071\">10 Jahre Sellingergasse 3-Tages-Fest<\/a><\/span><\/p>\n<p><span class=\"inside\">07.03.2015: <a href=\"http:\/\/www.sellingergasse7.at\/?page_id=1073\">Kegelabend<\/a><\/span><\/p>\n<p><span class=\"inside\">30.08.2014: <\/span><a href=\"http:\/\/www.sellingergasse7.at\/?page_id=212\">Sommerfest<\/a><\/p>\n<p><span class=\"inside\">12.04.2014: <\/span><a href=\"http:\/\/www.sellingergasse7.at\/?page_id=260\">Kegelabend<\/a><\/p>\n<p><span class=\"inside\">30.11.2013: <\/span><a href=\"http:\/\/www.sellingergasse7.at\/?page_id=1063\">Kegelabend<\/a><\/p>\n<p><span class=\"inside\">31.08.2013:\u00a0<\/span><a href=\"http:\/\/www.sellingergasse7.at\/?page_id=1061\">Sommerfest<\/a><\/p>\n<p><span class=\"inside\">31.08.2012:\u00a0<\/span><a href=\"http:\/\/www.sellingergasse7.at\/?page_id=1058\">Sommerfest<\/a><\/p>\n<p><span class=\"inside\">21.04.2012: <\/span><a href=\"http:\/\/www.sellingergasse7.at\/?page_id=1056\">Kegelabend<\/a><\/p>\n<p><span class=\"inside\">03.09.2011:\u00a0<\/span><a href=\"http:\/\/www.sellingergasse7.at\/?page_id=1054\">Sommerfest<\/a><\/p>\n<p><span class=\"inside\">04.09.2010: <\/span><a href=\"http:\/\/www.sellingergasse7.at\/?page_id=1050\">5-Jahresfeier<\/a><\/p>\n<p><span class=\"inside\">12.12.2009: <\/span><a href=\"http:\/\/www.sellingergasse7.at\/?page_id=1048\">Punschtreffen<\/a><\/p>\n<p><span class=\"inside\">14.11.2009: <\/span><a href=\"http:\/\/www.sellingergasse7.at\/?page_id=1046\">Kegelabend<\/a><\/p>\n<p><span class=\"inside\">05.09.2009:\u00a0<\/span><a href=\"http:\/\/www.sellingergasse7.at\/?page_id=1042\">Sommerfest<\/a><\/p>\n<p><span class=\"inside\">25.04.2009: <\/span><a href=\"http:\/\/www.sellingergasse7.at\/?page_id=1040\">Kegelabend<\/a><\/p>\n<p><span class=\"inside\">31.01.2009: <\/span><a href=\"http:\/\/www.sellingergasse7.at\/?page_id=1038\">Kegelabend<\/a><\/p>\n<p><span class=\"inside\">07.12.2008: <\/span><a href=\"http:\/\/www.sellingergasse7.at\/?page_id=1034\">Punschtreffen<\/a><\/p>\n<p><span class=\"inside\">20.09.2008: <\/span><a href=\"http:\/\/www.sellingergasse7.at\/?page_id=1028\">Kegelabend<\/a><\/p>\n<p><span class=\"inside\">23.08.2008: <\/span><a href=\"http:\/\/www.sellingergasse7.at\/?page_id=1024\">Sommerfest<\/a><\/p>\n<p><span class=\"inside\">11.08.2008: <\/span><a href=\"http:\/\/www.sellingergasse7.at\/?page_id=934\">Einweihungsfeier von unserem Rosenbogen<\/a><\/p>\n<p><span class=\"inside\">21.06.2008: <\/span><a href=\"http:\/\/www.sellingergasse7.at\/?page_id=1021\">Kegelabend<\/a><\/p>\n<p><span class=\"inside\">15.03.2008: <\/span><a href=\"http:\/\/www.sellingergasse7.at\/?page_id=1018\">Kegelabend<\/a><\/p>\n<p><span class=\"inside\">01.12.2007: <\/span><a href=\"http:\/\/www.sellingergasse7.at\/?page_id=995\">Punschtreffen<\/a><\/p>\n<p><span class=\"inside\">13.10.2007: <\/span><a href=\"http:\/\/www.sellingergasse7.at\/?page_id=978\">Kegelabend<\/a><\/p>\n<p><span class=\"inside\">25.08.2007: <\/span><a href=\"http:\/\/www.sellingergasse7.at\/?page_id=976\">Sommerfest<\/a><\/p>\n<p><span class=\"inside\">26.05.2007: <\/span><a href=\"http:\/\/www.sellingergasse7.at\/?page_id=964\">Fr\u00fchlingsfest<\/a><\/p>\n<p><span class=\"inside\">05.01.2007: <\/span><a href=\"http:\/\/www.sellingergasse7.at\/?page_id=962\">Punschtreffen<\/a><\/p>\n<p><span class=\"inside\">07.12.2006: <\/span><a href=\"http:\/\/www.sellingergasse7.at\/?page_id=960\">Punschtreffen<\/a><\/p>\n<p><span class=\"inside\">25.08.2006: <\/span><a href=\"http:\/\/www.sellingergasse7.at\/?page_id=950\">Die Feier anl\u00e4\u00dflich des einj\u00e4hrigen Bestehens unserer Wohnhausanlage<\/a><\/p>\n","protected":false},"excerpt":{"rendered":"<p>Was haben wir schon alles gemeinsam erlebt: 23.08.2025: Sommerfest 20 Jahre Sellingergasse7 24.08.2024: Sommerfest 26.08.2023: Sommerfest 27.08.2022: Sommerfest 28.08.2021: Sommerfest 30.08.2020: Sommerfest 24.08.2019: Sommerfest 07.04.2019: Bau eines Gemeinschafts-Hochbeetes 25.08.2018: Sommerfest 25.11.2017: Kegeln 26.08.2017: Sommerfest 27.08.2016: Sommerfest 30.01.2016: Kegelabend 05.01.2016: Punschabend 21.08.2015: 10 Jahre Sellingergasse 3-Tages-Fest 07.03.2015: Kegelabend 30.08.2014: Sommerfest 12.04.2014: Kegelabend 30.11.2013: Kegelabend 31.08.2013:\u00a0Sommerfest 31.08.2012:\u00a0Sommerfest [&hellip;]<\/p>\n","protected":false},"author":1,"featured_media":0,"parent":0,"menu_order":0,"comment_status":"closed","ping_status":"closed","template":"","meta":{"footnotes":""},"class_list":["post-154","page","type-page","status-publish","czr-hentry"],"_links":{"self":[{"href":"http:\/\/www.sellingergasse7.at\/index.php?rest_route=\/wp\/v2\/pages\/154","targetHints":{"allow":["GET"]}}],"collection":[{"href":"http:\/\/www.sellingergasse7.at\/index.php?rest_route=\/wp\/v2\/pages"}],"about":[{"href":"http:\/\/www.sellingergasse7.at\/index.php?rest_route=\/wp\/v2\/types\/page"}],"author":[{"embeddable":true,"href":"http:\/\/www.sellingergasse7.at\/index.php?rest_route=\/wp\/v2\/users\/1"}],"replies":[{"embeddable":true,"href":"http:\/\/www.sellingergasse7.at\/index.php?rest_route=%2Fwp%2Fv2%2Fcomments&post=154"}],"version-history":[{"count":42,"href":"http:\/\/www.sellingergasse7.at\/index.php?rest_route=\/wp\/v2\/pages\/154\/revisions"}],"predecessor-version":[{"id":1732,"href":"http:\/\/www.sellingergasse7.at\/index.php?rest_route=\/wp\/v2\/pages\/154\/revisions\/1732"}],"wp:attachment":[{"href":"http:\/\/www.sellingergasse7.at\/index.php?rest_route=%2Fwp%2Fv2%2Fmedia&parent=154"}],"curies":[{"name":"wp","href":"https:\/\/api.w.org\/{rel}","templated":true}]}}