{"id":223,"date":"2015-08-24T14:37:01","date_gmt":"2015-08-24T12:37:01","guid":{"rendered":"http:\/\/www.sellingergasse7.at\/wordpress\/?page_id=223"},"modified":"2015-11-18T12:33:49","modified_gmt":"2015-11-18T11:33:49","slug":"linktipps","status":"publish","type":"page","link":"http:\/\/www.sellingergasse7.at\/?page_id=223","title":{"rendered":"Linktipps"},"content":{"rendered":"<p>Die Lieblingsseiten unserer Nachbarn- solltest Du auch einen Linktipp f\u00fcr uns haben, sende uns ganz einfach ein <a href=\"mailto:mailto@sellingergasse7.at?subject=Linktipp\">Email<\/a> mit dem Link und einer kurzen Erkl\u00e4rung, was es mit der Seite auf sich hat!<\/p>\n<ul>\n<li><a title=\"Unsere Siedlungsgenossenschaft Frieden\" href=\"http:\/\/www.frieden.at\" target=\"_blank\"> Bau- und Siedlungsgenossenschaft FRIEDEN<\/a><\/li>\n<li><a title=\"\u00d6ffnungszeiten Apotheken in Wien\" href=\"http:\/\/www.apotheker.at\/internet\/oeak\/Apotheken.nsf\/webApothekensuche?Readform\" target=\"_blank\">\u00d6ffnungszeiten von Apotheken in Wien <\/a><\/li>\n<li><a title=\"wien.at - das webservice der stadt wien\" href=\"http:\/\/www.wien.gv.at\/\" target=\"_blank\">wien.at &#8211; das webservice der stadt wien<\/a><\/li>\n<li><a title=\"Ein Tipp von Mike Kern von 2\/8: eine Auto-Trophy nach Rum\u00e4nien\" href=\"http:\/\/www.superkarpata.com\" target=\"_blank\">Superkarpata<\/a><\/li>\n<li><a title=\"Private Homepage von Alfi T\u00fcr 2\/5\" href=\"http:\/\/www.alfidiver.at\" target=\"_blank\">alfidiver<\/a><\/li>\n<li><a title=\"Wissens- und Lesenswertes \u00fcber A.C.Greeley\" href=\"http:\/\/www.aceyw-greeley.eu\" target=\"_blank\">Agnete&#8217;s Autorenseite<\/a><\/li>\n<li><a title=\"Tipp f\u00fcr Champagnerliebhaber\" href=\"http:\/\/www.wirliebenchampagner.com\" target=\"_blank\">Champagner-Seite<\/a><\/li>\n<\/ul>\n","protected":false},"excerpt":{"rendered":"<p>Die Lieblingsseiten unserer Nachbarn- solltest Du auch einen Linktipp f\u00fcr uns haben, sende uns ganz einfach ein Email mit dem Link und einer kurzen Erkl\u00e4rung, was es mit der Seite auf sich hat! Bau- und Siedlungsgenossenschaft FRIEDEN \u00d6ffnungszeiten von Apotheken in Wien wien.at &#8211; das webservice der stadt wien Superkarpata alfidiver Agnete&#8217;s Autorenseite Champagner-Seite<\/p>\n","protected":false},"author":1,"featured_media":0,"parent":0,"menu_order":0,"comment_status":"closed","ping_status":"closed","template":"","meta":{"footnotes":""},"class_list":["post-223","page","type-page","status-publish","czr-hentry"],"_links":{"self":[{"href":"http:\/\/www.sellingergasse7.at\/index.php?rest_route=\/wp\/v2\/pages\/223","targetHints":{"allow":["GET"]}}],"collection":[{"href":"http:\/\/www.sellingergasse7.at\/index.php?rest_route=\/wp\/v2\/pages"}],"about":[{"href":"http:\/\/www.sellingergasse7.at\/index.php?rest_route=\/wp\/v2\/types\/page"}],"author":[{"embeddable":true,"href":"http:\/\/www.sellingergasse7.at\/index.php?rest_route=\/wp\/v2\/users\/1"}],"replies":[{"embeddable":true,"href":"http:\/\/www.sellingergasse7.at\/index.php?rest_route=%2Fwp%2Fv2%2Fcomments&post=223"}],"version-history":[{"count":7,"href":"http:\/\/www.sellingergasse7.at\/index.php?rest_route=\/wp\/v2\/pages\/223\/revisions"}],"predecessor-version":[{"id":1277,"href":"http:\/\/www.sellingergasse7.at\/index.php?rest_route=\/wp\/v2\/pages\/223\/revisions\/1277"}],"wp:attachment":[{"href":"http:\/\/www.sellingergasse7.at\/index.php?rest_route=%2Fwp%2Fv2%2Fmedia&parent=223"}],"curies":[{"name":"wp","href":"https:\/\/api.w.org\/{rel}","templated":true}]}}