{"id":934,"date":"2008-08-11T12:22:26","date_gmt":"2008-08-11T10:22:26","guid":{"rendered":"http:\/\/www.sellingergasse7.at\/wordpress\/?page_id=934"},"modified":"2015-08-26T10:10:24","modified_gmt":"2015-08-26T08:10:24","slug":"einweihung-rosenbogen-11-august-2008","status":"publish","type":"page","link":"http:\/\/www.sellingergasse7.at\/?page_id=934","title":{"rendered":"Einweihung Rosenbogen 11. August 2008"},"content":{"rendered":"<h3>Offizielle Taufe vom &#8222;Sellibogen&#8220;<\/h3>\n<h4>Ein gelungener Abend oder:<br \/>\n&#8222;Man muss die Feste feiern, wie sie fallen&#8220;<\/h4>\n<h5>Auff\u00fchrung in drei Akten<\/h5>\n<h5>1.Akt<\/h5>\n<p>Ulli wollte schon immer einen Rosenbogen haben.<\/p>\n<p>Vor einigen Wochen haben dann Alfi, Agnete, Isabella, Mario, Ulli, und meiner einer beschlossen, in unserem Mittelgarten einen Rosenbogen aufzustellen, ist so ein Rosenbogen doch ein h\u00fcbscher Eyecatcher und gibt jedem Garten etwas m\u00e4rchenhaftes.<br \/>\nDie Idee war geboren, nun ging&#8217;s an die Umsetzung. Wie soll er aussehen? Retrostil? Modern? Um unser Budget nicht all zu sehr zu belasten (je mehr Eisen, desto teurer&#8230;), einigten wir uns auf eine moderne Variante, die dennoch sehr gut aussah und jedenfalls in unseren Garten passen w\u00fcrde. Oben drauf h\u00e4tten wir noch gerne eine Sonne gehabt, in der Mitte der Sonne Tiffanyglas in allen m\u00f6glichen Farben, die uns die Sonne so zeigt, von hellgelb bis orange, feuerrot\u2026aber da hat\u2019s an der Umsetzung gehapert.<br \/>\nAufgrund der von der Norm abweichenden Ma\u00dfe habe ich den Rosenbogen in unserer Schlosserei anfertigen lassen, und die Malerei in unserem Haus hat ihn dann h\u00fcbsch lackiert.<br \/>\nNach peinlichst genauer Abmessung durch meine Wenigkeit erging dann der Auftrag an die Schlosserei in der Justizanstalt, in der ich Dienst versehe. Aus dem Internet ausgedruckte Vorlage, die Ma\u00dfe, und los ging es.<br \/>\nEntgegen meiner Bef\u00fcrchtung, den Rosenbogen fr\u00fchestens im Winter zu erhalten, ist er doch innerhalb weniger Wochen fertig gestellt worden.<\/p>\n<h5>2.Akt<\/h5>\n<p>Also haben Alfi und ich, eigentlich mehr der Alfi, ich war nur der Lehrbub ;-), an diesem Wochenende den Rosenbogen aufgestellt- erste freudige \u00dcberraschung: ich habe mich nicht vermessen- *Schwei\u00df von der Stirn wisch*. Mit Mikes Bohrmaschine und Alfis einmaliger Bohrtechnik haben wir, mit drei nicht einkalkulierten, regenbedingten Pausen den Bogen mal zum stehen gebracht, einen ganzen 25kg Sack Fertigbeton haben wir dann ben\u00f6tigt, um die anderen Steher noch einzubetonieren, hat auch bestens funktioniert.<br \/>\nAn Sonntag dann wurde der Bogen oben aufgesetzt, \u00dcberraschung Nummer zwei: der Bogen passt genau, auch die Wasserwaage hat das ma\u00dfgenaue Arbeiten von Alfi unter Beweis gestellt. Wir waren richtig stolz auf uns, wollten gar nimmer vom Sellibogen weggehen&#8230;schluchz.<br \/>\nIn einem E-Mail hatte Angelika dann die grandiose Idee, dass das doch ein Grund zum Feiern w\u00e4re. Feiern? In der Sellingergasse? Das braucht man bei uns nicht zweimal sagen!<\/p>\n<h5>3.Akt (Schlussakt)<\/h5>\n<p>So haben wir am Montag in einer Ruck-Zuck-Aktion alle zusammengetrommelt.<br \/>\nAm Nachmittag haben Isabella und Ulli noch ganz schnell Rosenbogenrosen(welch&#8216; ein Wort!) besorgt, denn was ist schon ein Rosenbogen ohne Rosen? Mike und Alfi haben die Pflanzen dann auch gleich unter strenger Aufsicht fachgerecht eingebuddelt.<br \/>\nAb 19.00 Uhr hat Angelika zu Sekt und Sekt Orange auf ihre Terrasse geladen, um uns auch mal die Gelegenheit zu geben, diesen herrlichen Ausblick genie\u00dfen zu k\u00f6nnen, und uns mal unsere G\u00e4rten aus der Vogelperspektive anzusehen. Herzlichen Dank nochmals f\u00fcr die Einladung, Angelika!<br \/>\nDann ging es hinunter zum eigentlichen Star des Abends, unserem &#8222;Sellibogen&#8220;. Mit Aperol Sprizz f\u00fcr die Damen und Bierchen f\u00fcr die Herren wurde auf dieses sch\u00f6ne Symbol unserer tollen Nachbarschaft angesto\u00dfen, der Rosenbogen bekam eine kleine Sektdusche, um auch ordentlich getauft und eingeweiht zu werden.<br \/>\nIrgendwie wurden unsre Gl\u00e4ser nicht leer, so sa\u00dfen wir noch bis 23.30 Uhr zusammen, Prosecco, Bierchen, K\u00f6lsch, Knabbergeb\u00e4ck, K\u00e4se, der nicht von uns war&#8230;wir haben uns ausgezeichnet unterhalten, herzhaft gelacht, k\u00f6stlich am\u00fcsiert. Den Lachanfall kommentiere ich mal nicht \ud83d\ude09 .<\/p>\n<p>Isabella, Mario, Christine, Mike, Agnete, Alfi, Angelika, Doris, Ulli, dieser Abend war schlicht und einfach herrlich. Dankesch\u00f6n!<\/p>\n<div class=\"foogallery foogallery-container foogallery-thumbnail foogallery-single-thumbnail foogallery-lightbox-foobox-free fg-center fg-thumbnail fg-light fg-border-thin fg-shadow-outline fg-loading-default fg-loaded-fade-in fg-caption-hover fg-hover-slide-down fg-hover-zoom fg-ready\" id=\"foogallery-gallery-933\" data-foogallery=\"{&quot;item&quot;:{&quot;showCaptionTitle&quot;:true,&quot;showCaptionDescription&quot;:true},&quot;lazy&quot;:true}\" >\n    <div class=\"fg-item fg-type-image fg-idle\"><figure class=\"fg-item-inner\"><a href=\"http:\/\/www.sellingergasse7.at\/wp-content\/uploads\/2015\/08\/Bogen200808-1.jpg\" data-attachment-id=\"629\" rel=\"lightbox[933]\" data-type=\"image\" class=\"fg-thumb\"><span class=\"fg-image-wrap\"><img fetchpriority=\"high\" decoding=\"async\" width=\"300\" height=\"200\" class=\"skip-lazy fg-image\" data-src-fg=\"http:\/\/www.sellingergasse7.at\/wp-content\/uploads\/cache\/2015\/08\/Bogen200808-1\/663986264.jpg\" src=\"data:image\/svg+xml,%3Csvg%20xmlns%3D%22http%3A%2F%2Fwww.w3.org%2F2000%2Fsvg%22%20width%3D%22300%22%20height%3D%22200%22%20viewBox%3D%220%200%20300%20200%22%3E%3C%2Fsvg%3E\" loading=\"eager\"><\/span><span class=\"fg-image-overlay\"><\/span><\/a><figcaption class=\"fg-caption\"><div class=\"fg-caption-inner\"><div class=\"fg-caption-title\">Klick f\u00fcr Bildershow<\/div><\/div><\/figcaption><\/figure><div class=\"fg-loader\"><\/div><\/div>    <div class=\"fg-st-hidden\">\n    <div class=\"fg-item fg-type-image fg-idle\"><figure class=\"fg-item-inner\"><a href=\"http:\/\/www.sellingergasse7.at\/wp-content\/uploads\/2015\/08\/Bogen200808-6.jpg\" data-attachment-id=\"634\" rel=\"lightbox[933]\" data-type=\"image\" class=\"fg-thumb\"><span class=\"fg-image-wrap\"><img decoding=\"async\" width=\"300\" height=\"200\" class=\"skip-lazy fg-image\" data-src-fg=\"http:\/\/www.sellingergasse7.at\/wp-content\/uploads\/cache\/2015\/08\/Bogen200808-6\/2806448424.jpg\" src=\"data:image\/svg+xml,%3Csvg%20xmlns%3D%22http%3A%2F%2Fwww.w3.org%2F2000%2Fsvg%22%20width%3D%22300%22%20height%3D%22200%22%20viewBox%3D%220%200%20300%20200%22%3E%3C%2Fsvg%3E\" loading=\"eager\"><\/span><span class=\"fg-image-overlay\"><\/span><\/a><figcaption class=\"fg-caption\"><div class=\"fg-caption-inner\"><\/div><\/figcaption><\/figure><div class=\"fg-loader\"><\/div><\/div><div class=\"fg-item fg-type-image fg-idle\"><figure class=\"fg-item-inner\"><a href=\"http:\/\/www.sellingergasse7.at\/wp-content\/uploads\/2015\/08\/Bogen200808-2.jpg\" data-attachment-id=\"630\" rel=\"lightbox[933]\" data-type=\"image\" class=\"fg-thumb\"><span class=\"fg-image-wrap\"><img decoding=\"async\" width=\"300\" height=\"200\" class=\"skip-lazy fg-image\" data-src-fg=\"http:\/\/www.sellingergasse7.at\/wp-content\/uploads\/cache\/2015\/08\/Bogen200808-2\/1050116880.jpg\" src=\"data:image\/svg+xml,%3Csvg%20xmlns%3D%22http%3A%2F%2Fwww.w3.org%2F2000%2Fsvg%22%20width%3D%22300%22%20height%3D%22200%22%20viewBox%3D%220%200%20300%20200%22%3E%3C%2Fsvg%3E\" loading=\"eager\"><\/span><span class=\"fg-image-overlay\"><\/span><\/a><figcaption class=\"fg-caption\"><div class=\"fg-caption-inner\"><\/div><\/figcaption><\/figure><div class=\"fg-loader\"><\/div><\/div><div class=\"fg-item fg-type-image fg-idle\"><figure class=\"fg-item-inner\"><a href=\"http:\/\/www.sellingergasse7.at\/wp-content\/uploads\/2015\/08\/Bogen200808-5.jpg\" data-attachment-id=\"633\" rel=\"lightbox[933]\" data-type=\"image\" class=\"fg-thumb\"><span class=\"fg-image-wrap\"><img decoding=\"async\" width=\"300\" height=\"200\" class=\"skip-lazy fg-image\" data-src-fg=\"http:\/\/www.sellingergasse7.at\/wp-content\/uploads\/cache\/2015\/08\/Bogen200808-5\/3493981304.jpg\" src=\"data:image\/svg+xml,%3Csvg%20xmlns%3D%22http%3A%2F%2Fwww.w3.org%2F2000%2Fsvg%22%20width%3D%22300%22%20height%3D%22200%22%20viewBox%3D%220%200%20300%20200%22%3E%3C%2Fsvg%3E\" loading=\"eager\"><\/span><span class=\"fg-image-overlay\"><\/span><\/a><figcaption class=\"fg-caption\"><div class=\"fg-caption-inner\"><\/div><\/figcaption><\/figure><div class=\"fg-loader\"><\/div><\/div><div class=\"fg-item fg-type-image fg-idle\"><figure class=\"fg-item-inner\"><a href=\"http:\/\/www.sellingergasse7.at\/wp-content\/uploads\/2015\/08\/Bogen200808-7.jpg\" data-attachment-id=\"635\" rel=\"lightbox[933]\" data-type=\"image\" class=\"fg-thumb\"><span class=\"fg-image-wrap\"><img decoding=\"async\" width=\"300\" height=\"200\" class=\"skip-lazy fg-image\" data-src-fg=\"http:\/\/www.sellingergasse7.at\/wp-content\/uploads\/cache\/2015\/08\/Bogen200808-7\/2167611814.jpg\" src=\"data:image\/svg+xml,%3Csvg%20xmlns%3D%22http%3A%2F%2Fwww.w3.org%2F2000%2Fsvg%22%20width%3D%22300%22%20height%3D%22200%22%20viewBox%3D%220%200%20300%20200%22%3E%3C%2Fsvg%3E\" loading=\"eager\"><\/span><span class=\"fg-image-overlay\"><\/span><\/a><figcaption class=\"fg-caption\"><div class=\"fg-caption-inner\"><\/div><\/figcaption><\/figure><div class=\"fg-loader\"><\/div><\/div><div class=\"fg-item fg-type-image fg-idle\"><figure class=\"fg-item-inner\"><a href=\"http:\/\/www.sellingergasse7.at\/wp-content\/uploads\/2015\/08\/Bogen200808-3.jpg\" data-attachment-id=\"631\" rel=\"lightbox[933]\" data-type=\"image\" class=\"fg-thumb\"><span class=\"fg-image-wrap\"><img decoding=\"async\" width=\"300\" height=\"200\" class=\"skip-lazy fg-image\" data-src-fg=\"http:\/\/www.sellingergasse7.at\/wp-content\/uploads\/cache\/2015\/08\/Bogen200808-3\/417571742.jpg\" src=\"data:image\/svg+xml,%3Csvg%20xmlns%3D%22http%3A%2F%2Fwww.w3.org%2F2000%2Fsvg%22%20width%3D%22300%22%20height%3D%22200%22%20viewBox%3D%220%200%20300%20200%22%3E%3C%2Fsvg%3E\" loading=\"eager\"><\/span><span class=\"fg-image-overlay\"><\/span><\/a><figcaption class=\"fg-caption\"><div class=\"fg-caption-inner\"><\/div><\/figcaption><\/figure><div class=\"fg-loader\"><\/div><\/div><div class=\"fg-item fg-type-image fg-idle\"><figure class=\"fg-item-inner\"><a href=\"http:\/\/www.sellingergasse7.at\/wp-content\/uploads\/2015\/08\/Bogen200808-9.jpg\" data-attachment-id=\"637\" rel=\"lightbox[933]\" data-type=\"image\" class=\"fg-thumb\"><span class=\"fg-image-wrap\"><img decoding=\"async\" width=\"300\" height=\"200\" class=\"skip-lazy fg-image\" data-src-fg=\"http:\/\/www.sellingergasse7.at\/wp-content\/uploads\/cache\/2015\/08\/Bogen200808-9\/2591323637.jpg\" src=\"data:image\/svg+xml,%3Csvg%20xmlns%3D%22http%3A%2F%2Fwww.w3.org%2F2000%2Fsvg%22%20width%3D%22300%22%20height%3D%22200%22%20viewBox%3D%220%200%20300%20200%22%3E%3C%2Fsvg%3E\" loading=\"eager\"><\/span><span class=\"fg-image-overlay\"><\/span><\/a><figcaption class=\"fg-caption\"><div class=\"fg-caption-inner\"><\/div><\/figcaption><\/figure><div class=\"fg-loader\"><\/div><\/div><div class=\"fg-item fg-type-image fg-idle\"><figure class=\"fg-item-inner\"><a href=\"http:\/\/www.sellingergasse7.at\/wp-content\/uploads\/2015\/08\/Bogen200808-8.jpg\" data-attachment-id=\"636\" rel=\"lightbox[933]\" data-type=\"image\" class=\"fg-thumb\"><span class=\"fg-image-wrap\"><img decoding=\"async\" width=\"300\" height=\"200\" class=\"skip-lazy fg-image\" data-src-fg=\"http:\/\/www.sellingergasse7.at\/wp-content\/uploads\/cache\/2015\/08\/Bogen200808-8\/3154138491.jpg\" src=\"data:image\/svg+xml,%3Csvg%20xmlns%3D%22http%3A%2F%2Fwww.w3.org%2F2000%2Fsvg%22%20width%3D%22300%22%20height%3D%22200%22%20viewBox%3D%220%200%20300%20200%22%3E%3C%2Fsvg%3E\" loading=\"eager\"><\/span><span class=\"fg-image-overlay\"><\/span><\/a><figcaption class=\"fg-caption\"><div class=\"fg-caption-inner\"><\/div><\/figcaption><\/figure><div class=\"fg-loader\"><\/div><\/div><div class=\"fg-item fg-type-image fg-idle\"><figure class=\"fg-item-inner\"><a href=\"http:\/\/www.sellingergasse7.at\/wp-content\/uploads\/2015\/08\/Bogen200808-4.jpg\" data-attachment-id=\"632\" rel=\"lightbox[933]\" data-type=\"image\" class=\"fg-thumb\"><span class=\"fg-image-wrap\"><img decoding=\"async\" width=\"300\" height=\"200\" class=\"skip-lazy fg-image\" data-src-fg=\"http:\/\/www.sellingergasse7.at\/wp-content\/uploads\/cache\/2015\/08\/Bogen200808-4\/4130721014.jpg\" src=\"data:image\/svg+xml,%3Csvg%20xmlns%3D%22http%3A%2F%2Fwww.w3.org%2F2000%2Fsvg%22%20width%3D%22300%22%20height%3D%22200%22%20viewBox%3D%220%200%20300%20200%22%3E%3C%2Fsvg%3E\" loading=\"eager\"><\/span><span class=\"fg-image-overlay\"><\/span><\/a><figcaption class=\"fg-caption\"><div class=\"fg-caption-inner\"><\/div><\/figcaption><\/figure><div class=\"fg-loader\"><\/div><\/div>    <\/div>\n<\/div>\n\n<p>Andreas, 2\/1<\/p>\n","protected":false},"excerpt":{"rendered":"<p>Offizielle Taufe vom &#8222;Sellibogen&#8220; Ein gelungener Abend oder: &#8222;Man muss die Feste feiern, wie sie fallen&#8220; Auff\u00fchrung in drei Akten 1.Akt Ulli wollte schon immer einen Rosenbogen haben. Vor einigen Wochen haben dann Alfi, Agnete, Isabella, Mario, Ulli, und meiner einer beschlossen, in unserem Mittelgarten einen Rosenbogen aufzustellen, ist so ein Rosenbogen doch ein h\u00fcbscher [&hellip;]<\/p>\n","protected":false},"author":1,"featured_media":0,"parent":154,"menu_order":90,"comment_status":"closed","ping_status":"closed","template":"","meta":{"footnotes":""},"class_list":["post-934","page","type-page","status-publish","czr-hentry"],"_links":{"self":[{"href":"http:\/\/www.sellingergasse7.at\/index.php?rest_route=\/wp\/v2\/pages\/934","targetHints":{"allow":["GET"]}}],"collection":[{"href":"http:\/\/www.sellingergasse7.at\/index.php?rest_route=\/wp\/v2\/pages"}],"about":[{"href":"http:\/\/www.sellingergasse7.at\/index.php?rest_route=\/wp\/v2\/types\/page"}],"author":[{"embeddable":true,"href":"http:\/\/www.sellingergasse7.at\/index.php?rest_route=\/wp\/v2\/users\/1"}],"replies":[{"embeddable":true,"href":"http:\/\/www.sellingergasse7.at\/index.php?rest_route=%2Fwp%2Fv2%2Fcomments&post=934"}],"version-history":[{"count":5,"href":"http:\/\/www.sellingergasse7.at\/index.php?rest_route=\/wp\/v2\/pages\/934\/revisions"}],"predecessor-version":[{"id":1070,"href":"http:\/\/www.sellingergasse7.at\/index.php?rest_route=\/wp\/v2\/pages\/934\/revisions\/1070"}],"up":[{"embeddable":true,"href":"http:\/\/www.sellingergasse7.at\/index.php?rest_route=\/wp\/v2\/pages\/154"}],"wp:attachment":[{"href":"http:\/\/www.sellingergasse7.at\/index.php?rest_route=%2Fwp%2Fv2%2Fmedia&parent=934"}],"curies":[{"name":"wp","href":"https:\/\/api.w.org\/{rel}","templated":true}]}}