{"id":96,"date":"2015-08-24T13:01:07","date_gmt":"2015-08-24T11:01:07","guid":{"rendered":"http:\/\/www.sellingergasse7.at\/wordpress\/?page_id=96"},"modified":"2015-11-18T12:31:55","modified_gmt":"2015-11-18T11:31:55","slug":"sellingergasse-7","status":"publish","type":"page","link":"http:\/\/www.sellingergasse7.at\/?page_id=96","title":{"rendered":"Sellingergasse 7"},"content":{"rendered":"<p>F\u00fcr besonders interessierte Leser: <a href=\"http:\/\/www.sellingergasse7.at\/?page_id=140\">Die Geschichte von Kaiserebersdorf<\/a><\/p>\n<p><b>Bildergalerie:<\/b> <a title=\"Bildergalerie Sellingergasse, davor, Bauphase,jetzt\" href=\"http:\/\/www.sellingergasse7.at\/?page_id=238\">Sellingergasse7 damals &#8211; Bauphase &#8211; Sellingergasse7 jetzt<\/a><\/p>\n<p>Sellingergasse: 1894 benannt nach Martin Sellinger.<br \/>\nIm 19. Jahrhundert Gemeinderat von Kaiserebersdorf. Zuvor bekannt unter &#8222;Kreuzgasse&#8220; od. &#8222;Obere Quergasse&#8220;.<\/p>\n<p>Wir waren schon eine Zeitlang auf Wohnungssuche in Simmering, aber nichts von den Angeboten, die wir erhielten, \u00fcberzeugte uns wirklich. Bis wir von der Sellingergasse 7 erfuhren.<\/p>\n<p>Kaiserebersdorf, das kleine Dorf in Simmering schien genau das richtige zu sein.<br \/>\nHier stehen viele H\u00e4user unter Denkmalschutz, und auch die Neubauten d\u00fcrfen nur eine gewisse H\u00f6he erreichen. Das klang nat\u00fcrlich vielversprechend und erl\u00f6ste uns von den Gedanken an gro\u00dfe, un\u00fcbersichtliche Bauten mit un\u00fcbersichtlich vielen Parteien in einer Stiege, wo der eine vom anderen nichts wei\u00df.<br \/>\nEs war die Chance, der Anonymit\u00e4t der Gro\u00dfstadt ein bisschen zu entfliehen, mitten in Wien zu wohnen, und trotzdem dieses gewisse Dorfgef\u00fchl zu genie\u00dfen! -Eine Chance, die wir nat\u00fcrlich ergriffen!<\/p>\n<p>Und dann war es endlich soweit!<\/p>\n<p>Am 26. August 2005 fand die lang ersehnte Schl\u00fcssel\u00fcbergabe endlich statt!<\/p>\n<p><u><i>Agnete Frasl, 2\/5<\/i><\/u><\/p>\n<h3><\/h3>\n","protected":false},"excerpt":{"rendered":"<p>F\u00fcr besonders interessierte Leser: Die Geschichte von Kaiserebersdorf Bildergalerie: Sellingergasse7 damals &#8211; Bauphase &#8211; Sellingergasse7 jetzt Sellingergasse: 1894 benannt nach Martin Sellinger. Im 19. Jahrhundert Gemeinderat von Kaiserebersdorf. Zuvor bekannt unter &#8222;Kreuzgasse&#8220; od. &#8222;Obere Quergasse&#8220;. Wir waren schon eine Zeitlang auf Wohnungssuche in Simmering, aber nichts von den Angeboten, die wir erhielten, \u00fcberzeugte uns wirklich. [&hellip;]<\/p>\n","protected":false},"author":1,"featured_media":0,"parent":0,"menu_order":0,"comment_status":"closed","ping_status":"closed","template":"","meta":{"footnotes":""},"class_list":["post-96","page","type-page","status-publish","czr-hentry"],"_links":{"self":[{"href":"http:\/\/www.sellingergasse7.at\/index.php?rest_route=\/wp\/v2\/pages\/96","targetHints":{"allow":["GET"]}}],"collection":[{"href":"http:\/\/www.sellingergasse7.at\/index.php?rest_route=\/wp\/v2\/pages"}],"about":[{"href":"http:\/\/www.sellingergasse7.at\/index.php?rest_route=\/wp\/v2\/types\/page"}],"author":[{"embeddable":true,"href":"http:\/\/www.sellingergasse7.at\/index.php?rest_route=\/wp\/v2\/users\/1"}],"replies":[{"embeddable":true,"href":"http:\/\/www.sellingergasse7.at\/index.php?rest_route=%2Fwp%2Fv2%2Fcomments&post=96"}],"version-history":[{"count":13,"href":"http:\/\/www.sellingergasse7.at\/index.php?rest_route=\/wp\/v2\/pages\/96\/revisions"}],"predecessor-version":[{"id":1276,"href":"http:\/\/www.sellingergasse7.at\/index.php?rest_route=\/wp\/v2\/pages\/96\/revisions\/1276"}],"wp:attachment":[{"href":"http:\/\/www.sellingergasse7.at\/index.php?rest_route=%2Fwp%2Fv2%2Fmedia&parent=96"}],"curies":[{"name":"wp","href":"https:\/\/api.w.org\/{rel}","templated":true}]}}