{"id":962,"date":"2007-01-05T14:40:56","date_gmt":"2007-01-05T13:40:56","guid":{"rendered":"http:\/\/www.sellingergasse7.at\/wordpress\/?page_id=962"},"modified":"2015-08-26T10:04:50","modified_gmt":"2015-08-26T08:04:50","slug":"punschen-jaenner-2007","status":"publish","type":"page","link":"http:\/\/www.sellingergasse7.at\/?page_id=962","title":{"rendered":"Punschen 5. J\u00e4nner 2007"},"content":{"rendered":"<p>Punschtrinken im J\u00e4nner bei +10\u00b0C&#8230;<\/p>\n<p>Exakt einen Monat nach unserem ersten Punschtrinken im alten Jahr(so schnell vergeht die Zeit) gab&#8217;s wieder ein gem\u00fctliches Beisammensein bei angenehmer Temperatur. Nach einer kurzen Ansprache von Isabella durfte dann geschl\u00fcrft, genascht und geplaudert werden.<br \/>\nEs gab Gl\u00f6gg, Kinderpunsch und&#8230;.Bier. Da tun sich nat\u00fcrlich zwei Fragen auf: Was ist Gl\u00f6gg? Und Bier beim Punschtreffen? Ganz leicht erkl\u00e4rt: Gl\u00f6gg ist ein skandinavischer Punsch, mit Ingwer, Kardamom, Mandelsplitter und normalerweise auch noch Rosinen, die hat Agnete jedoch in weiser Voraussicht ausgelassen. Lecker war der Gl\u00f6gg trotzdem. Tja, und das mit dem Bier&#8230;das war die Alternative f\u00fcr die Fraktion der Punschverweigerer Alfi, Mike, Peter und meiner Wenigkeit. Hat jedoch keiner \u00dcberredungskunst bedurft, um den einen oder andren zum kalten Hopfenpunsch zu bekehren.<br \/>\nAuch an Leckereien wurde wieder einmal nicht gespart: Schmalzbrote, Speckbrote, Schinkengeb\u00e4ck in verschiedenen Variationen, salziges &#8222;Neujahrs&#8220;-Bl\u00e4tterteiggeb\u00e4ck, Lebkuchen und Beerenschnitte sorgten f\u00fcr eine sehr gute Unterlage.<\/p>\n<p>Nicht minder zahlreich waren auch die Teilnehmer an diesem Abend, die rechtzeitige Bekanntgabe lockte doch 24 Besucher = 9 Wohnungen = ca.41 Prozent(!) der Nachbarn an. Die Zeit verging wie im Flug, schon war es 22.00 Uhr, was den harten Kern an \u00fcbrig gebliebenen veranlasste, der Nachtruhe willen den Event im Hausflur ausklingen zu lassen. Ich f\u00fcr meinen Teil muss sagen, dass es wieder ein sehr gelungener Abend war, was aber nur durch die rege Teilnahme unserer Mitbewohner m\u00f6glich war. In diesem Sinne ein herzliches Dankesch\u00f6n an alle Nachbarn, ich freue mich schon auf unser n\u00e4chstes Beisammensein!<\/p>\n<p>Andreas, 2\/1<\/p>\n<div class=\"foogallery foogallery-container foogallery-thumbnail foogallery-single-thumbnail foogallery-lightbox-foobox-free fg-center fg-thumbnail fg-light fg-border-thin fg-shadow-outline fg-loading-default fg-loaded-fade-in fg-caption-hover fg-hover-slide-down fg-hover-zoom fg-ready\" id=\"foogallery-gallery-943\" data-foogallery=\"{&quot;item&quot;:{&quot;showCaptionTitle&quot;:true,&quot;showCaptionDescription&quot;:true},&quot;lazy&quot;:true}\" >\n    <div class=\"fg-item fg-type-image fg-idle\"><figure class=\"fg-item-inner\"><a href=\"http:\/\/www.sellingergasse7.at\/wp-content\/uploads\/2015\/08\/Punsch200701-pic_26.jpg\" data-attachment-id=\"720\" rel=\"lightbox[943]\" data-type=\"image\" class=\"fg-thumb\"><span class=\"fg-image-wrap\"><img fetchpriority=\"high\" decoding=\"async\" width=\"300\" height=\"200\" class=\"skip-lazy fg-image\" data-src-fg=\"http:\/\/www.sellingergasse7.at\/wp-content\/uploads\/cache\/2015\/08\/Punsch200701-pic_26\/1649976335.jpg\" src=\"data:image\/svg+xml,%3Csvg%20xmlns%3D%22http%3A%2F%2Fwww.w3.org%2F2000%2Fsvg%22%20width%3D%22300%22%20height%3D%22200%22%20viewBox%3D%220%200%20300%20200%22%3E%3C%2Fsvg%3E\" loading=\"eager\"><\/span><span class=\"fg-image-overlay\"><\/span><\/a><figcaption class=\"fg-caption\"><div class=\"fg-caption-inner\"><div class=\"fg-caption-title\">Klick f\u00fcr Bildershow<\/div><\/div><\/figcaption><\/figure><div class=\"fg-loader\"><\/div><\/div>    <div class=\"fg-st-hidden\">\n    <div class=\"fg-item fg-type-image fg-idle\"><figure class=\"fg-item-inner\"><a href=\"http:\/\/www.sellingergasse7.at\/wp-content\/uploads\/2015\/08\/Punsch200701-pic_1.jpg\" data-attachment-id=\"695\" rel=\"lightbox[943]\" data-type=\"image\" class=\"fg-thumb\"><span class=\"fg-image-wrap\"><img decoding=\"async\" width=\"300\" height=\"200\" class=\"skip-lazy fg-image\" data-src-fg=\"http:\/\/www.sellingergasse7.at\/wp-content\/uploads\/cache\/2015\/08\/Punsch200701-pic_1\/2661938701.jpg\" src=\"data:image\/svg+xml,%3Csvg%20xmlns%3D%22http%3A%2F%2Fwww.w3.org%2F2000%2Fsvg%22%20width%3D%22300%22%20height%3D%22200%22%20viewBox%3D%220%200%20300%20200%22%3E%3C%2Fsvg%3E\" loading=\"eager\"><\/span><span class=\"fg-image-overlay\"><\/span><\/a><figcaption class=\"fg-caption\"><div class=\"fg-caption-inner\"><\/div><\/figcaption><\/figure><div class=\"fg-loader\"><\/div><\/div><div class=\"fg-item fg-type-image fg-idle\"><figure class=\"fg-item-inner\"><a href=\"http:\/\/www.sellingergasse7.at\/wp-content\/uploads\/2015\/08\/Punsch200701-pic_10.jpg\" data-attachment-id=\"704\" rel=\"lightbox[943]\" data-type=\"image\" class=\"fg-thumb\"><span class=\"fg-image-wrap\"><img decoding=\"async\" width=\"300\" height=\"200\" class=\"skip-lazy fg-image\" data-src-fg=\"http:\/\/www.sellingergasse7.at\/wp-content\/uploads\/cache\/2015\/08\/Punsch200701-pic_10\/4142049805.jpg\" src=\"data:image\/svg+xml,%3Csvg%20xmlns%3D%22http%3A%2F%2Fwww.w3.org%2F2000%2Fsvg%22%20width%3D%22300%22%20height%3D%22200%22%20viewBox%3D%220%200%20300%20200%22%3E%3C%2Fsvg%3E\" loading=\"eager\"><\/span><span class=\"fg-image-overlay\"><\/span><\/a><figcaption class=\"fg-caption\"><div class=\"fg-caption-inner\"><\/div><\/figcaption><\/figure><div class=\"fg-loader\"><\/div><\/div><div class=\"fg-item fg-type-image fg-idle\"><figure class=\"fg-item-inner\"><a href=\"http:\/\/www.sellingergasse7.at\/wp-content\/uploads\/2015\/08\/Punsch200701-pic_11.jpg\" data-attachment-id=\"705\" rel=\"lightbox[943]\" data-type=\"image\" class=\"fg-thumb\"><span class=\"fg-image-wrap\"><img decoding=\"async\" width=\"300\" height=\"200\" class=\"skip-lazy fg-image\" data-src-fg=\"http:\/\/www.sellingergasse7.at\/wp-content\/uploads\/cache\/2015\/08\/Punsch200701-pic_11\/2594249936.jpg\" src=\"data:image\/svg+xml,%3Csvg%20xmlns%3D%22http%3A%2F%2Fwww.w3.org%2F2000%2Fsvg%22%20width%3D%22300%22%20height%3D%22200%22%20viewBox%3D%220%200%20300%20200%22%3E%3C%2Fsvg%3E\" loading=\"eager\"><\/span><span class=\"fg-image-overlay\"><\/span><\/a><figcaption class=\"fg-caption\"><div class=\"fg-caption-inner\"><\/div><\/figcaption><\/figure><div class=\"fg-loader\"><\/div><\/div><div class=\"fg-item fg-type-image fg-idle\"><figure class=\"fg-item-inner\"><a href=\"http:\/\/www.sellingergasse7.at\/wp-content\/uploads\/2015\/08\/Punsch200701-pic_12.jpg\" data-attachment-id=\"706\" rel=\"lightbox[943]\" data-type=\"image\" class=\"fg-thumb\"><span class=\"fg-image-wrap\"><img decoding=\"async\" width=\"300\" height=\"200\" class=\"skip-lazy fg-image\" data-src-fg=\"http:\/\/www.sellingergasse7.at\/wp-content\/uploads\/cache\/2015\/08\/Punsch200701-pic_12\/778422199.jpg\" src=\"data:image\/svg+xml,%3Csvg%20xmlns%3D%22http%3A%2F%2Fwww.w3.org%2F2000%2Fsvg%22%20width%3D%22300%22%20height%3D%22200%22%20viewBox%3D%220%200%20300%20200%22%3E%3C%2Fsvg%3E\" loading=\"eager\"><\/span><span class=\"fg-image-overlay\"><\/span><\/a><figcaption class=\"fg-caption\"><div class=\"fg-caption-inner\"><\/div><\/figcaption><\/figure><div class=\"fg-loader\"><\/div><\/div><div class=\"fg-item fg-type-image fg-idle\"><figure class=\"fg-item-inner\"><a href=\"http:\/\/www.sellingergasse7.at\/wp-content\/uploads\/2015\/08\/Punsch200701-pic_13.jpg\" data-attachment-id=\"707\" rel=\"lightbox[943]\" data-type=\"image\" class=\"fg-thumb\"><span class=\"fg-image-wrap\"><img decoding=\"async\" width=\"300\" height=\"200\" class=\"skip-lazy fg-image\" data-src-fg=\"http:\/\/www.sellingergasse7.at\/wp-content\/uploads\/cache\/2015\/08\/Punsch200701-pic_13\/1109815658.jpg\" src=\"data:image\/svg+xml,%3Csvg%20xmlns%3D%22http%3A%2F%2Fwww.w3.org%2F2000%2Fsvg%22%20width%3D%22300%22%20height%3D%22200%22%20viewBox%3D%220%200%20300%20200%22%3E%3C%2Fsvg%3E\" loading=\"eager\"><\/span><span class=\"fg-image-overlay\"><\/span><\/a><figcaption class=\"fg-caption\"><div class=\"fg-caption-inner\"><\/div><\/figcaption><\/figure><div class=\"fg-loader\"><\/div><\/div><div class=\"fg-item fg-type-image fg-idle\"><figure class=\"fg-item-inner\"><a href=\"http:\/\/www.sellingergasse7.at\/wp-content\/uploads\/2015\/08\/Punsch200701-pic_14.jpg\" data-attachment-id=\"708\" rel=\"lightbox[943]\" data-type=\"image\" class=\"fg-thumb\"><span class=\"fg-image-wrap\"><img decoding=\"async\" width=\"300\" height=\"200\" class=\"skip-lazy fg-image\" data-src-fg=\"http:\/\/www.sellingergasse7.at\/wp-content\/uploads\/cache\/2015\/08\/Punsch200701-pic_14\/2609370855.jpg\" src=\"data:image\/svg+xml,%3Csvg%20xmlns%3D%22http%3A%2F%2Fwww.w3.org%2F2000%2Fsvg%22%20width%3D%22300%22%20height%3D%22200%22%20viewBox%3D%220%200%20300%20200%22%3E%3C%2Fsvg%3E\" loading=\"eager\"><\/span><span class=\"fg-image-overlay\"><\/span><\/a><figcaption class=\"fg-caption\"><div class=\"fg-caption-inner\"><\/div><\/figcaption><\/figure><div class=\"fg-loader\"><\/div><\/div><div class=\"fg-item fg-type-image fg-idle\"><figure class=\"fg-item-inner\"><a href=\"http:\/\/www.sellingergasse7.at\/wp-content\/uploads\/2015\/08\/Punsch200701-pic_15.jpg\" data-attachment-id=\"709\" rel=\"lightbox[943]\" data-type=\"image\" class=\"fg-thumb\"><span class=\"fg-image-wrap\"><img decoding=\"async\" width=\"300\" height=\"200\" class=\"skip-lazy fg-image\" data-src-fg=\"http:\/\/www.sellingergasse7.at\/wp-content\/uploads\/cache\/2015\/08\/Punsch200701-pic_15\/4156842042.jpg\" src=\"data:image\/svg+xml,%3Csvg%20xmlns%3D%22http%3A%2F%2Fwww.w3.org%2F2000%2Fsvg%22%20width%3D%22300%22%20height%3D%22200%22%20viewBox%3D%220%200%20300%20200%22%3E%3C%2Fsvg%3E\" loading=\"eager\"><\/span><span class=\"fg-image-overlay\"><\/span><\/a><figcaption class=\"fg-caption\"><div class=\"fg-caption-inner\"><\/div><\/figcaption><\/figure><div class=\"fg-loader\"><\/div><\/div><div class=\"fg-item fg-type-image fg-idle\"><figure class=\"fg-item-inner\"><a href=\"http:\/\/www.sellingergasse7.at\/wp-content\/uploads\/2015\/08\/Punsch200701-pic_16.jpg\" data-attachment-id=\"710\" rel=\"lightbox[943]\" data-type=\"image\" class=\"fg-thumb\"><span class=\"fg-image-wrap\"><img decoding=\"async\" width=\"300\" height=\"200\" class=\"skip-lazy fg-image\" data-src-fg=\"http:\/\/www.sellingergasse7.at\/wp-content\/uploads\/cache\/2015\/08\/Punsch200701-pic_16\/835553753.jpg\" src=\"data:image\/svg+xml,%3Csvg%20xmlns%3D%22http%3A%2F%2Fwww.w3.org%2F2000%2Fsvg%22%20width%3D%22300%22%20height%3D%22200%22%20viewBox%3D%220%200%20300%20200%22%3E%3C%2Fsvg%3E\" loading=\"eager\"><\/span><span class=\"fg-image-overlay\"><\/span><\/a><figcaption class=\"fg-caption\"><div class=\"fg-caption-inner\"><\/div><\/figcaption><\/figure><div class=\"fg-loader\"><\/div><\/div><div class=\"fg-item fg-type-image fg-idle\"><figure class=\"fg-item-inner\"><a href=\"http:\/\/www.sellingergasse7.at\/wp-content\/uploads\/2015\/08\/Punsch200701-pic_17.jpg\" data-attachment-id=\"711\" rel=\"lightbox[943]\" data-type=\"image\" class=\"fg-thumb\"><span class=\"fg-image-wrap\"><img decoding=\"async\" width=\"300\" height=\"200\" class=\"skip-lazy fg-image\" data-src-fg=\"http:\/\/www.sellingergasse7.at\/wp-content\/uploads\/cache\/2015\/08\/Punsch200701-pic_17\/1569603332.jpg\" src=\"data:image\/svg+xml,%3Csvg%20xmlns%3D%22http%3A%2F%2Fwww.w3.org%2F2000%2Fsvg%22%20width%3D%22300%22%20height%3D%22200%22%20viewBox%3D%220%200%20300%20200%22%3E%3C%2Fsvg%3E\" loading=\"eager\"><\/span><span class=\"fg-image-overlay\"><\/span><\/a><figcaption class=\"fg-caption\"><div class=\"fg-caption-inner\"><\/div><\/figcaption><\/figure><div class=\"fg-loader\"><\/div><\/div><div class=\"fg-item fg-type-image fg-idle\"><figure class=\"fg-item-inner\"><a href=\"http:\/\/www.sellingergasse7.at\/wp-content\/uploads\/2015\/08\/Punsch200701-pic_18.jpg\" data-attachment-id=\"712\" rel=\"lightbox[943]\" data-type=\"image\" class=\"fg-thumb\"><span class=\"fg-image-wrap\"><img decoding=\"async\" width=\"300\" height=\"200\" class=\"skip-lazy fg-image\" data-src-fg=\"http:\/\/www.sellingergasse7.at\/wp-content\/uploads\/cache\/2015\/08\/Punsch200701-pic_18\/3202740524.jpg\" src=\"data:image\/svg+xml,%3Csvg%20xmlns%3D%22http%3A%2F%2Fwww.w3.org%2F2000%2Fsvg%22%20width%3D%22300%22%20height%3D%22200%22%20viewBox%3D%220%200%20300%20200%22%3E%3C%2Fsvg%3E\" loading=\"eager\"><\/span><span class=\"fg-image-overlay\"><\/span><\/a><figcaption class=\"fg-caption\"><div class=\"fg-caption-inner\"><\/div><\/figcaption><\/figure><div class=\"fg-loader\"><\/div><\/div><div class=\"fg-item fg-type-image fg-idle\"><figure class=\"fg-item-inner\"><a href=\"http:\/\/www.sellingergasse7.at\/wp-content\/uploads\/2015\/08\/Punsch200701-pic_19.jpg\" data-attachment-id=\"713\" rel=\"lightbox[943]\" data-type=\"image\" class=\"fg-thumb\"><span class=\"fg-image-wrap\"><img decoding=\"async\" width=\"300\" height=\"200\" class=\"skip-lazy fg-image\" data-src-fg=\"http:\/\/www.sellingergasse7.at\/wp-content\/uploads\/cache\/2015\/08\/Punsch200701-pic_19\/3534112753.jpg\" src=\"data:image\/svg+xml,%3Csvg%20xmlns%3D%22http%3A%2F%2Fwww.w3.org%2F2000%2Fsvg%22%20width%3D%22300%22%20height%3D%22200%22%20viewBox%3D%220%200%20300%20200%22%3E%3C%2Fsvg%3E\" loading=\"eager\"><\/span><span class=\"fg-image-overlay\"><\/span><\/a><figcaption class=\"fg-caption\"><div class=\"fg-caption-inner\"><\/div><\/figcaption><\/figure><div class=\"fg-loader\"><\/div><\/div><div class=\"fg-item fg-type-image fg-idle\"><figure class=\"fg-item-inner\"><a href=\"http:\/\/www.sellingergasse7.at\/wp-content\/uploads\/2015\/08\/Punsch200701-pic_2.jpg\" data-attachment-id=\"696\" rel=\"lightbox[943]\" data-type=\"image\" class=\"fg-thumb\"><span class=\"fg-image-wrap\"><img decoding=\"async\" width=\"300\" height=\"200\" class=\"skip-lazy fg-image\" data-src-fg=\"http:\/\/www.sellingergasse7.at\/wp-content\/uploads\/cache\/2015\/08\/Punsch200701-pic_2\/4004232079.jpg\" src=\"data:image\/svg+xml,%3Csvg%20xmlns%3D%22http%3A%2F%2Fwww.w3.org%2F2000%2Fsvg%22%20width%3D%22300%22%20height%3D%22200%22%20viewBox%3D%220%200%20300%20200%22%3E%3C%2Fsvg%3E\" loading=\"eager\"><\/span><span class=\"fg-image-overlay\"><\/span><\/a><figcaption class=\"fg-caption\"><div class=\"fg-caption-inner\"><\/div><\/figcaption><\/figure><div class=\"fg-loader\"><\/div><\/div><div class=\"fg-item fg-type-image fg-idle\"><figure class=\"fg-item-inner\"><a href=\"http:\/\/www.sellingergasse7.at\/wp-content\/uploads\/2015\/08\/Punsch200701-pic_20.jpg\" data-attachment-id=\"714\" rel=\"lightbox[943]\" data-type=\"image\" class=\"fg-thumb\"><span class=\"fg-image-wrap\"><img decoding=\"async\" width=\"300\" height=\"200\" class=\"skip-lazy fg-image\" data-src-fg=\"http:\/\/www.sellingergasse7.at\/wp-content\/uploads\/cache\/2015\/08\/Punsch200701-pic_20\/538603348.jpg\" src=\"data:image\/svg+xml,%3Csvg%20xmlns%3D%22http%3A%2F%2Fwww.w3.org%2F2000%2Fsvg%22%20width%3D%22300%22%20height%3D%22200%22%20viewBox%3D%220%200%20300%20200%22%3E%3C%2Fsvg%3E\" loading=\"eager\"><\/span><span class=\"fg-image-overlay\"><\/span><\/a><figcaption class=\"fg-caption\"><div class=\"fg-caption-inner\"><\/div><\/figcaption><\/figure><div class=\"fg-loader\"><\/div><\/div><div class=\"fg-item fg-type-image fg-idle\"><figure class=\"fg-item-inner\"><a href=\"http:\/\/www.sellingergasse7.at\/wp-content\/uploads\/2015\/08\/Punsch200701-pic_21.jpg\" data-attachment-id=\"715\" rel=\"lightbox[943]\" data-type=\"image\" class=\"fg-thumb\"><span class=\"fg-image-wrap\"><img decoding=\"async\" width=\"300\" height=\"200\" class=\"skip-lazy fg-image\" data-src-fg=\"http:\/\/www.sellingergasse7.at\/wp-content\/uploads\/cache\/2015\/08\/Punsch200701-pic_21\/1280956809.jpg\" src=\"data:image\/svg+xml,%3Csvg%20xmlns%3D%22http%3A%2F%2Fwww.w3.org%2F2000%2Fsvg%22%20width%3D%22300%22%20height%3D%22200%22%20viewBox%3D%220%200%20300%20200%22%3E%3C%2Fsvg%3E\" loading=\"eager\"><\/span><span class=\"fg-image-overlay\"><\/span><\/a><figcaption class=\"fg-caption\"><div class=\"fg-caption-inner\"><\/div><\/figcaption><\/figure><div class=\"fg-loader\"><\/div><\/div><div class=\"fg-item fg-type-image fg-idle\"><figure class=\"fg-item-inner\"><a href=\"http:\/\/www.sellingergasse7.at\/wp-content\/uploads\/2015\/08\/Punsch200701-pic_22.jpg\" data-attachment-id=\"716\" rel=\"lightbox[943]\" data-type=\"image\" class=\"fg-thumb\"><span class=\"fg-image-wrap\"><img decoding=\"async\" width=\"300\" height=\"200\" class=\"skip-lazy fg-image\" data-src-fg=\"http:\/\/www.sellingergasse7.at\/wp-content\/uploads\/cache\/2015\/08\/Punsch200701-pic_22\/4171039470.jpg\" src=\"data:image\/svg+xml,%3Csvg%20xmlns%3D%22http%3A%2F%2Fwww.w3.org%2F2000%2Fsvg%22%20width%3D%22300%22%20height%3D%22200%22%20viewBox%3D%220%200%20300%20200%22%3E%3C%2Fsvg%3E\" loading=\"eager\"><\/span><span class=\"fg-image-overlay\"><\/span><\/a><figcaption class=\"fg-caption\"><div class=\"fg-caption-inner\"><\/div><\/figcaption><\/figure><div class=\"fg-loader\"><\/div><\/div><div class=\"fg-item fg-type-image fg-idle\"><figure class=\"fg-item-inner\"><a href=\"http:\/\/www.sellingergasse7.at\/wp-content\/uploads\/2015\/08\/Punsch200701-pic_23.jpg\" data-attachment-id=\"717\" rel=\"lightbox[943]\" data-type=\"image\" class=\"fg-thumb\"><span class=\"fg-image-wrap\"><img decoding=\"async\" width=\"300\" height=\"200\" class=\"skip-lazy fg-image\" data-src-fg=\"http:\/\/www.sellingergasse7.at\/wp-content\/uploads\/cache\/2015\/08\/Punsch200701-pic_23\/2497623091.jpg\" src=\"data:image\/svg+xml,%3Csvg%20xmlns%3D%22http%3A%2F%2Fwww.w3.org%2F2000%2Fsvg%22%20width%3D%22300%22%20height%3D%22200%22%20viewBox%3D%220%200%20300%20200%22%3E%3C%2Fsvg%3E\" loading=\"eager\"><\/span><span class=\"fg-image-overlay\"><\/span><\/a><figcaption class=\"fg-caption\"><div class=\"fg-caption-inner\"><\/div><\/figcaption><\/figure><div class=\"fg-loader\"><\/div><\/div><div class=\"fg-item fg-type-image fg-idle\"><figure class=\"fg-item-inner\"><a href=\"http:\/\/www.sellingergasse7.at\/wp-content\/uploads\/2015\/08\/Punsch200701-pic_24.jpg\" data-attachment-id=\"718\" rel=\"lightbox[943]\" data-type=\"image\" class=\"fg-thumb\"><span class=\"fg-image-wrap\"><img decoding=\"async\" width=\"300\" height=\"200\" class=\"skip-lazy fg-image\" data-src-fg=\"http:\/\/www.sellingergasse7.at\/wp-content\/uploads\/cache\/2015\/08\/Punsch200701-pic_24\/1300173758.jpg\" src=\"data:image\/svg+xml,%3Csvg%20xmlns%3D%22http%3A%2F%2Fwww.w3.org%2F2000%2Fsvg%22%20width%3D%22300%22%20height%3D%22200%22%20viewBox%3D%220%200%20300%20200%22%3E%3C%2Fsvg%3E\" loading=\"eager\"><\/span><span class=\"fg-image-overlay\"><\/span><\/a><figcaption class=\"fg-caption\"><div class=\"fg-caption-inner\"><\/div><\/figcaption><\/figure><div class=\"fg-loader\"><\/div><\/div><div class=\"fg-item fg-type-image fg-idle\"><figure class=\"fg-item-inner\"><a href=\"http:\/\/www.sellingergasse7.at\/wp-content\/uploads\/2015\/08\/Punsch200701-pic_25.jpg\" data-attachment-id=\"719\" rel=\"lightbox[943]\" data-type=\"image\" class=\"fg-thumb\"><span class=\"fg-image-wrap\"><img decoding=\"async\" width=\"300\" height=\"200\" class=\"skip-lazy fg-image\" data-src-fg=\"http:\/\/www.sellingergasse7.at\/wp-content\/uploads\/cache\/2015\/08\/Punsch200701-pic_25\/557622627.jpg\" src=\"data:image\/svg+xml,%3Csvg%20xmlns%3D%22http%3A%2F%2Fwww.w3.org%2F2000%2Fsvg%22%20width%3D%22300%22%20height%3D%22200%22%20viewBox%3D%220%200%20300%20200%22%3E%3C%2Fsvg%3E\" loading=\"eager\"><\/span><span class=\"fg-image-overlay\"><\/span><\/a><figcaption class=\"fg-caption\"><div class=\"fg-caption-inner\"><\/div><\/figcaption><\/figure><div class=\"fg-loader\"><\/div><\/div><div class=\"fg-item fg-type-image fg-idle\"><figure class=\"fg-item-inner\"><a href=\"http:\/\/www.sellingergasse7.at\/wp-content\/uploads\/2015\/08\/Punsch200701-pic_3.jpg\" data-attachment-id=\"697\" rel=\"lightbox[943]\" data-type=\"image\" class=\"fg-thumb\"><span class=\"fg-image-wrap\"><img decoding=\"async\" width=\"300\" height=\"200\" class=\"skip-lazy fg-image\" data-src-fg=\"http:\/\/www.sellingergasse7.at\/wp-content\/uploads\/cache\/2015\/08\/Punsch200701-pic_3\/3243606257.jpg\" src=\"data:image\/svg+xml,%3Csvg%20xmlns%3D%22http%3A%2F%2Fwww.w3.org%2F2000%2Fsvg%22%20width%3D%22300%22%20height%3D%22200%22%20viewBox%3D%220%200%20300%20200%22%3E%3C%2Fsvg%3E\" loading=\"eager\"><\/span><span class=\"fg-image-overlay\"><\/span><\/a><figcaption class=\"fg-caption\"><div class=\"fg-caption-inner\"><\/div><\/figcaption><\/figure><div class=\"fg-loader\"><\/div><\/div><div class=\"fg-item fg-type-image fg-idle\"><figure class=\"fg-item-inner\"><a href=\"http:\/\/www.sellingergasse7.at\/wp-content\/uploads\/2015\/08\/Punsch200701-pic_4.jpg\" data-attachment-id=\"698\" rel=\"lightbox[943]\" data-type=\"image\" class=\"fg-thumb\"><span class=\"fg-image-wrap\"><img decoding=\"async\" width=\"300\" height=\"200\" class=\"skip-lazy fg-image\" data-src-fg=\"http:\/\/www.sellingergasse7.at\/wp-content\/uploads\/cache\/2015\/08\/Punsch200701-pic_4\/2043340431.jpg\" src=\"data:image\/svg+xml,%3Csvg%20xmlns%3D%22http%3A%2F%2Fwww.w3.org%2F2000%2Fsvg%22%20width%3D%22300%22%20height%3D%22200%22%20viewBox%3D%220%200%20300%20200%22%3E%3C%2Fsvg%3E\" loading=\"eager\"><\/span><span class=\"fg-image-overlay\"><\/span><\/a><figcaption class=\"fg-caption\"><div class=\"fg-caption-inner\"><\/div><\/figcaption><\/figure><div class=\"fg-loader\"><\/div><\/div><div class=\"fg-item fg-type-image fg-idle\"><figure class=\"fg-item-inner\"><a href=\"http:\/\/www.sellingergasse7.at\/wp-content\/uploads\/2015\/08\/Punsch200701-pic_5.jpg\" data-attachment-id=\"699\" rel=\"lightbox[943]\" data-type=\"image\" class=\"fg-thumb\"><span class=\"fg-image-wrap\"><img decoding=\"async\" width=\"300\" height=\"200\" class=\"skip-lazy fg-image\" data-src-fg=\"http:\/\/www.sellingergasse7.at\/wp-content\/uploads\/cache\/2015\/08\/Punsch200701-pic_5\/1446305265.jpg\" src=\"data:image\/svg+xml,%3Csvg%20xmlns%3D%22http%3A%2F%2Fwww.w3.org%2F2000%2Fsvg%22%20width%3D%22300%22%20height%3D%22200%22%20viewBox%3D%220%200%20300%20200%22%3E%3C%2Fsvg%3E\" loading=\"eager\"><\/span><span class=\"fg-image-overlay\"><\/span><\/a><figcaption class=\"fg-caption\"><div class=\"fg-caption-inner\"><\/div><\/figcaption><\/figure><div class=\"fg-loader\"><\/div><\/div><div class=\"fg-item fg-type-image fg-idle\"><figure class=\"fg-item-inner\"><a href=\"http:\/\/www.sellingergasse7.at\/wp-content\/uploads\/2015\/08\/Punsch200701-pic_6.jpg\" data-attachment-id=\"700\" rel=\"lightbox[943]\" data-type=\"image\" class=\"fg-thumb\"><span class=\"fg-image-wrap\"><img decoding=\"async\" width=\"300\" height=\"200\" class=\"skip-lazy fg-image\" data-src-fg=\"http:\/\/www.sellingergasse7.at\/wp-content\/uploads\/cache\/2015\/08\/Punsch200701-pic_6\/67946998.jpg\" src=\"data:image\/svg+xml,%3Csvg%20xmlns%3D%22http%3A%2F%2Fwww.w3.org%2F2000%2Fsvg%22%20width%3D%22300%22%20height%3D%22200%22%20viewBox%3D%220%200%20300%20200%22%3E%3C%2Fsvg%3E\" loading=\"eager\"><\/span><span class=\"fg-image-overlay\"><\/span><\/a><figcaption class=\"fg-caption\"><div class=\"fg-caption-inner\"><\/div><\/figcaption><\/figure><div class=\"fg-loader\"><\/div><\/div><div class=\"fg-item fg-type-image fg-idle\"><figure class=\"fg-item-inner\"><a href=\"http:\/\/www.sellingergasse7.at\/wp-content\/uploads\/2015\/08\/Punsch200701-pic_7.jpg\" data-attachment-id=\"701\" rel=\"lightbox[943]\" data-type=\"image\" class=\"fg-thumb\"><span class=\"fg-image-wrap\"><img decoding=\"async\" width=\"300\" height=\"200\" class=\"skip-lazy fg-image\" data-src-fg=\"http:\/\/www.sellingergasse7.at\/wp-content\/uploads\/cache\/2015\/08\/Punsch200701-pic_7\/737342088.jpg\" src=\"data:image\/svg+xml,%3Csvg%20xmlns%3D%22http%3A%2F%2Fwww.w3.org%2F2000%2Fsvg%22%20width%3D%22300%22%20height%3D%22200%22%20viewBox%3D%220%200%20300%20200%22%3E%3C%2Fsvg%3E\" loading=\"eager\"><\/span><span class=\"fg-image-overlay\"><\/span><\/a><figcaption class=\"fg-caption\"><div class=\"fg-caption-inner\"><\/div><\/figcaption><\/figure><div class=\"fg-loader\"><\/div><\/div><div class=\"fg-item fg-type-image fg-idle\"><figure class=\"fg-item-inner\"><a href=\"http:\/\/www.sellingergasse7.at\/wp-content\/uploads\/2015\/08\/Punsch200701-pic_8.jpg\" data-attachment-id=\"702\" rel=\"lightbox[943]\" data-type=\"image\" class=\"fg-thumb\"><span class=\"fg-image-wrap\"><img decoding=\"async\" width=\"300\" height=\"200\" class=\"skip-lazy fg-image\" data-src-fg=\"http:\/\/www.sellingergasse7.at\/wp-content\/uploads\/cache\/2015\/08\/Punsch200701-pic_8\/207596101.jpg\" src=\"data:image\/svg+xml,%3Csvg%20xmlns%3D%22http%3A%2F%2Fwww.w3.org%2F2000%2Fsvg%22%20width%3D%22300%22%20height%3D%22200%22%20viewBox%3D%220%200%20300%20200%22%3E%3C%2Fsvg%3E\" loading=\"eager\"><\/span><span class=\"fg-image-overlay\"><\/span><\/a><figcaption class=\"fg-caption\"><div class=\"fg-caption-inner\"><\/div><\/figcaption><\/figure><div class=\"fg-loader\"><\/div><\/div><div class=\"fg-item fg-type-image fg-idle\"><figure class=\"fg-item-inner\"><a href=\"http:\/\/www.sellingergasse7.at\/wp-content\/uploads\/2015\/08\/Punsch200701-pic_9.jpg\" data-attachment-id=\"703\" rel=\"lightbox[943]\" data-type=\"image\" class=\"fg-thumb\"><span class=\"fg-image-wrap\"><img decoding=\"async\" width=\"300\" height=\"200\" class=\"skip-lazy fg-image\" data-src-fg=\"http:\/\/www.sellingergasse7.at\/wp-content\/uploads\/cache\/2015\/08\/Punsch200701-pic_9\/597791035.jpg\" src=\"data:image\/svg+xml,%3Csvg%20xmlns%3D%22http%3A%2F%2Fwww.w3.org%2F2000%2Fsvg%22%20width%3D%22300%22%20height%3D%22200%22%20viewBox%3D%220%200%20300%20200%22%3E%3C%2Fsvg%3E\" loading=\"eager\"><\/span><span class=\"fg-image-overlay\"><\/span><\/a><figcaption class=\"fg-caption\"><div class=\"fg-caption-inner\"><\/div><\/figcaption><\/figure><div class=\"fg-loader\"><\/div><\/div>    <\/div>\n<\/div>\n\n","protected":false},"excerpt":{"rendered":"<p>Punschtrinken im J\u00e4nner bei +10\u00b0C&#8230; Exakt einen Monat nach unserem ersten Punschtrinken im alten Jahr(so schnell vergeht die Zeit) gab&#8217;s wieder ein gem\u00fctliches Beisammensein bei angenehmer Temperatur. Nach einer kurzen Ansprache von Isabella durfte dann geschl\u00fcrft, genascht und geplaudert werden. Es gab Gl\u00f6gg, Kinderpunsch und&#8230;.Bier. Da tun sich nat\u00fcrlich zwei Fragen auf: Was ist Gl\u00f6gg? [&hellip;]<\/p>\n","protected":false},"author":1,"featured_media":0,"parent":154,"menu_order":97,"comment_status":"closed","ping_status":"closed","template":"","meta":{"footnotes":""},"class_list":["post-962","page","type-page","status-publish","czr-hentry"],"_links":{"self":[{"href":"http:\/\/www.sellingergasse7.at\/index.php?rest_route=\/wp\/v2\/pages\/962","targetHints":{"allow":["GET"]}}],"collection":[{"href":"http:\/\/www.sellingergasse7.at\/index.php?rest_route=\/wp\/v2\/pages"}],"about":[{"href":"http:\/\/www.sellingergasse7.at\/index.php?rest_route=\/wp\/v2\/types\/page"}],"author":[{"embeddable":true,"href":"http:\/\/www.sellingergasse7.at\/index.php?rest_route=\/wp\/v2\/users\/1"}],"replies":[{"embeddable":true,"href":"http:\/\/www.sellingergasse7.at\/index.php?rest_route=%2Fwp%2Fv2%2Fcomments&post=962"}],"version-history":[{"count":2,"href":"http:\/\/www.sellingergasse7.at\/index.php?rest_route=\/wp\/v2\/pages\/962\/revisions"}],"predecessor-version":[{"id":970,"href":"http:\/\/www.sellingergasse7.at\/index.php?rest_route=\/wp\/v2\/pages\/962\/revisions\/970"}],"up":[{"embeddable":true,"href":"http:\/\/www.sellingergasse7.at\/index.php?rest_route=\/wp\/v2\/pages\/154"}],"wp:attachment":[{"href":"http:\/\/www.sellingergasse7.at\/index.php?rest_route=%2Fwp%2Fv2%2Fmedia&parent=962"}],"curies":[{"name":"wp","href":"https:\/\/api.w.org\/{rel}","templated":true}]}}