{"id":995,"date":"2007-12-01T15:11:36","date_gmt":"2007-12-01T14:11:36","guid":{"rendered":"http:\/\/www.sellingergasse7.at\/wordpress\/?page_id=995"},"modified":"2015-08-26T10:08:50","modified_gmt":"2015-08-26T08:08:50","slug":"punschen-1-dezember-2007","status":"publish","type":"page","link":"http:\/\/www.sellingergasse7.at\/?page_id=995","title":{"rendered":"Punschen 1. Dezember 2007"},"content":{"rendered":"<p><b>Adventzauber in der Sellingergasse<\/b><\/p>\n<p>Es war einmal vor gar nicht allzu langer Zeit eine kleine Gruppe von Menschen, die beschloss, gemeinsam, allen Widrigkeiten zum Trotz, einen gem\u00fctlichen Adventabend, irgendwo in Kaiser Ebersdorf, in einem netten kleinen Wohnbau gemeinsam zu verbringen.<br \/>\nDie Temperaturen lagen weit \u00fcber 0\u00b0C und es war ein tr\u00fcber, unwinterlicher Abend. Aber ein paar Menschen in diesem kleinen Bau lie\u00dfen sich davon nicht unterkriegen! Schon bald war die Luft erf\u00fcllt vom w\u00fcrzigen Duft verschiedener, herzerw\u00e4rmender Gew\u00fcrze, wie Zimt, Nelken, und Kardamom, und stimmungsvolle Musik lie\u00df jedem der Anwesenden den vorweihnachtlichen Zauber sp\u00fcren.<br \/>\nMit erw\u00e4rmenden w\u00fcrzigen Getr\u00e4nken, wie Andis Beerenpunsch, den Rotweinpunsch \u00e1 la Kern, den Gl\u00f6gg der Nordl\u00e4nderin, Winterweihnachtskinderpunsch und den unverw\u00fcstlichen Lieblingspunsch aller freudigen M\u00e4nnerherzen, Hopfenbl\u00fctenzauberpunsch, wurde die sch\u00f6ne Adventzeit gen\u00fcsslich eingel\u00e4utet.<\/p>\n<p>Von Isabellas leckeren Schmalz-und Bratlfettbroten blieben genauso wenig \u00fcbrig, wie von den Speckbroten von Andi und den K\u00e4sebroten von Christine. Lebkuchen und Braterd\u00e4pfel aus unserer Adventk\u00fcche wurden ebenfalls anerkennend vernichtet.<br \/>\nWie alle sch\u00f6nen M\u00e4rchen, geht leider auch dieses hier zu Ende, aber jeder ging gl\u00fccklich und zufrieden seines Weges.<br \/>\nEin Dankesch\u00f6n an alle Beteiligten. Es war ein sehr sch\u00f6ner, stimmungsvoller Abend.<br \/>\nHoffentlich im J\u00e4nner wieder, wenn alle den Weihnachtsstress hinter sich gelassen haben.<\/p>\n<p>Agnete, 2\/5<\/p>\n<div class=\"foogallery foogallery-container foogallery-thumbnail foogallery-single-thumbnail foogallery-lightbox-foobox-free fg-center fg-thumbnail fg-light fg-border-thin fg-shadow-outline fg-loading-default fg-loaded-fade-in fg-caption-hover fg-hover-slide-down fg-hover-zoom fg-ready\" id=\"foogallery-gallery-948\" data-foogallery=\"{&quot;item&quot;:{&quot;showCaptionTitle&quot;:true,&quot;showCaptionDescription&quot;:true},&quot;lazy&quot;:true}\" >\n    <div class=\"fg-item fg-type-image fg-idle\"><figure class=\"fg-item-inner\"><a href=\"http:\/\/www.sellingergasse7.at\/wp-content\/uploads\/2015\/08\/Punsch200712-pic_18.jpg\" data-attachment-id=\"694\" rel=\"lightbox[948]\" data-type=\"image\" class=\"fg-thumb\"><span class=\"fg-image-wrap\"><img fetchpriority=\"high\" decoding=\"async\" width=\"300\" height=\"200\" class=\"skip-lazy fg-image\" data-src-fg=\"http:\/\/www.sellingergasse7.at\/wp-content\/uploads\/cache\/2015\/08\/Punsch200712-pic_18\/1534669926.jpg\" src=\"data:image\/svg+xml,%3Csvg%20xmlns%3D%22http%3A%2F%2Fwww.w3.org%2F2000%2Fsvg%22%20width%3D%22300%22%20height%3D%22200%22%20viewBox%3D%220%200%20300%20200%22%3E%3C%2Fsvg%3E\" loading=\"eager\"><\/span><span class=\"fg-image-overlay\"><\/span><\/a><figcaption class=\"fg-caption\"><div class=\"fg-caption-inner\"><div class=\"fg-caption-title\">Klick f\u00fcr Bildershow<\/div><\/div><\/figcaption><\/figure><div class=\"fg-loader\"><\/div><\/div>    <div class=\"fg-st-hidden\">\n    <div class=\"fg-item fg-type-image fg-idle\"><figure class=\"fg-item-inner\"><a href=\"http:\/\/www.sellingergasse7.at\/wp-content\/uploads\/2015\/08\/Punsch200712-pic_17.jpg\" data-attachment-id=\"693\" rel=\"lightbox[948]\" data-type=\"image\" class=\"fg-thumb\"><span class=\"fg-image-wrap\"><img decoding=\"async\" width=\"300\" height=\"200\" class=\"skip-lazy fg-image\" data-src-fg=\"http:\/\/www.sellingergasse7.at\/wp-content\/uploads\/cache\/2015\/08\/Punsch200712-pic_17\/4279332758.jpg\" src=\"data:image\/svg+xml,%3Csvg%20xmlns%3D%22http%3A%2F%2Fwww.w3.org%2F2000%2Fsvg%22%20width%3D%22300%22%20height%3D%22200%22%20viewBox%3D%220%200%20300%20200%22%3E%3C%2Fsvg%3E\" loading=\"eager\"><\/span><span class=\"fg-image-overlay\"><\/span><\/a><figcaption class=\"fg-caption\"><div class=\"fg-caption-inner\"><\/div><\/figcaption><\/figure><div class=\"fg-loader\"><\/div><\/div><div class=\"fg-item fg-type-image fg-idle\"><figure class=\"fg-item-inner\"><a href=\"http:\/\/www.sellingergasse7.at\/wp-content\/uploads\/2015\/08\/Punsch200712-pic_9.jpg\" data-attachment-id=\"685\" rel=\"lightbox[948]\" data-type=\"image\" class=\"fg-thumb\"><span class=\"fg-image-wrap\"><img decoding=\"async\" width=\"300\" height=\"200\" class=\"skip-lazy fg-image\" data-src-fg=\"http:\/\/www.sellingergasse7.at\/wp-content\/uploads\/cache\/2015\/08\/Punsch200712-pic_9\/3761410586.jpg\" src=\"data:image\/svg+xml,%3Csvg%20xmlns%3D%22http%3A%2F%2Fwww.w3.org%2F2000%2Fsvg%22%20width%3D%22300%22%20height%3D%22200%22%20viewBox%3D%220%200%20300%20200%22%3E%3C%2Fsvg%3E\" loading=\"eager\"><\/span><span class=\"fg-image-overlay\"><\/span><\/a><figcaption class=\"fg-caption\"><div class=\"fg-caption-inner\"><\/div><\/figcaption><\/figure><div class=\"fg-loader\"><\/div><\/div><div class=\"fg-item fg-type-image fg-idle\"><figure class=\"fg-item-inner\"><a href=\"http:\/\/www.sellingergasse7.at\/wp-content\/uploads\/2015\/08\/Punsch200712-pic_10.jpg\" data-attachment-id=\"686\" rel=\"lightbox[948]\" data-type=\"image\" class=\"fg-thumb\"><span class=\"fg-image-wrap\"><img decoding=\"async\" width=\"300\" height=\"200\" class=\"skip-lazy fg-image\" data-src-fg=\"http:\/\/www.sellingergasse7.at\/wp-content\/uploads\/cache\/2015\/08\/Punsch200712-pic_10\/1417542303.jpg\" src=\"data:image\/svg+xml,%3Csvg%20xmlns%3D%22http%3A%2F%2Fwww.w3.org%2F2000%2Fsvg%22%20width%3D%22300%22%20height%3D%22200%22%20viewBox%3D%220%200%20300%20200%22%3E%3C%2Fsvg%3E\" loading=\"eager\"><\/span><span class=\"fg-image-overlay\"><\/span><\/a><figcaption class=\"fg-caption\"><div class=\"fg-caption-inner\"><\/div><\/figcaption><\/figure><div class=\"fg-loader\"><\/div><\/div><div class=\"fg-item fg-type-image fg-idle\"><figure class=\"fg-item-inner\"><a href=\"http:\/\/www.sellingergasse7.at\/wp-content\/uploads\/2015\/08\/Punsch200712-pic_14.jpg\" data-attachment-id=\"690\" rel=\"lightbox[948]\" data-type=\"image\" class=\"fg-thumb\"><span class=\"fg-image-wrap\"><img decoding=\"async\" width=\"300\" height=\"200\" class=\"skip-lazy fg-image\" data-src-fg=\"http:\/\/www.sellingergasse7.at\/wp-content\/uploads\/cache\/2015\/08\/Punsch200712-pic_14\/1272296689.jpg\" src=\"data:image\/svg+xml,%3Csvg%20xmlns%3D%22http%3A%2F%2Fwww.w3.org%2F2000%2Fsvg%22%20width%3D%22300%22%20height%3D%22200%22%20viewBox%3D%220%200%20300%20200%22%3E%3C%2Fsvg%3E\" loading=\"eager\"><\/span><span class=\"fg-image-overlay\"><\/span><\/a><figcaption class=\"fg-caption\"><div class=\"fg-caption-inner\"><\/div><\/figcaption><\/figure><div class=\"fg-loader\"><\/div><\/div><div class=\"fg-item fg-type-image fg-idle\"><figure class=\"fg-item-inner\"><a href=\"http:\/\/www.sellingergasse7.at\/wp-content\/uploads\/2015\/08\/Punsch200712-pic_8.jpg\" data-attachment-id=\"684\" rel=\"lightbox[948]\" data-type=\"image\" class=\"fg-thumb\"><span class=\"fg-image-wrap\"><img decoding=\"async\" width=\"300\" height=\"200\" class=\"skip-lazy fg-image\" data-src-fg=\"http:\/\/www.sellingergasse7.at\/wp-content\/uploads\/cache\/2015\/08\/Punsch200712-pic_8\/3486296420.jpg\" src=\"data:image\/svg+xml,%3Csvg%20xmlns%3D%22http%3A%2F%2Fwww.w3.org%2F2000%2Fsvg%22%20width%3D%22300%22%20height%3D%22200%22%20viewBox%3D%220%200%20300%20200%22%3E%3C%2Fsvg%3E\" loading=\"eager\"><\/span><span class=\"fg-image-overlay\"><\/span><\/a><figcaption class=\"fg-caption\"><div class=\"fg-caption-inner\"><\/div><\/figcaption><\/figure><div class=\"fg-loader\"><\/div><\/div><div class=\"fg-item fg-type-image fg-idle\"><figure class=\"fg-item-inner\"><a href=\"http:\/\/www.sellingergasse7.at\/wp-content\/uploads\/2015\/08\/Punsch200712-pic_4.jpg\" data-attachment-id=\"680\" rel=\"lightbox[948]\" data-type=\"image\" class=\"fg-thumb\"><span class=\"fg-image-wrap\"><img decoding=\"async\" width=\"300\" height=\"200\" class=\"skip-lazy fg-image\" data-src-fg=\"http:\/\/www.sellingergasse7.at\/wp-content\/uploads\/cache\/2015\/08\/Punsch200712-pic_4\/2748407593.jpg\" src=\"data:image\/svg+xml,%3Csvg%20xmlns%3D%22http%3A%2F%2Fwww.w3.org%2F2000%2Fsvg%22%20width%3D%22300%22%20height%3D%22200%22%20viewBox%3D%220%200%20300%20200%22%3E%3C%2Fsvg%3E\" loading=\"eager\"><\/span><span class=\"fg-image-overlay\"><\/span><\/a><figcaption class=\"fg-caption\"><div class=\"fg-caption-inner\"><\/div><\/figcaption><\/figure><div class=\"fg-loader\"><\/div><\/div><div class=\"fg-item fg-type-image fg-idle\"><figure class=\"fg-item-inner\"><a href=\"http:\/\/www.sellingergasse7.at\/wp-content\/uploads\/2015\/08\/Punsch200712-pic_16.jpg\" data-attachment-id=\"692\" rel=\"lightbox[948]\" data-type=\"image\" class=\"fg-thumb\"><span class=\"fg-image-wrap\"><img decoding=\"async\" width=\"300\" height=\"200\" class=\"skip-lazy fg-image\" data-src-fg=\"http:\/\/www.sellingergasse7.at\/wp-content\/uploads\/cache\/2015\/08\/Punsch200712-pic_16\/2471680331.jpg\" src=\"data:image\/svg+xml,%3Csvg%20xmlns%3D%22http%3A%2F%2Fwww.w3.org%2F2000%2Fsvg%22%20width%3D%22300%22%20height%3D%22200%22%20viewBox%3D%220%200%20300%20200%22%3E%3C%2Fsvg%3E\" loading=\"eager\"><\/span><span class=\"fg-image-overlay\"><\/span><\/a><figcaption class=\"fg-caption\"><div class=\"fg-caption-inner\"><\/div><\/figcaption><\/figure><div class=\"fg-loader\"><\/div><\/div><div class=\"fg-item fg-type-image fg-idle\"><figure class=\"fg-item-inner\"><a href=\"http:\/\/www.sellingergasse7.at\/wp-content\/uploads\/2015\/08\/Punsch200712-pic_15.jpg\" data-attachment-id=\"691\" rel=\"lightbox[948]\" data-type=\"image\" class=\"fg-thumb\"><span class=\"fg-image-wrap\"><img decoding=\"async\" width=\"300\" height=\"200\" class=\"skip-lazy fg-image\" data-src-fg=\"http:\/\/www.sellingergasse7.at\/wp-content\/uploads\/cache\/2015\/08\/Punsch200712-pic_15\/664142380.jpg\" src=\"data:image\/svg+xml,%3Csvg%20xmlns%3D%22http%3A%2F%2Fwww.w3.org%2F2000%2Fsvg%22%20width%3D%22300%22%20height%3D%22200%22%20viewBox%3D%220%200%20300%20200%22%3E%3C%2Fsvg%3E\" loading=\"eager\"><\/span><span class=\"fg-image-overlay\"><\/span><\/a><figcaption class=\"fg-caption\"><div class=\"fg-caption-inner\"><\/div><\/figcaption><\/figure><div class=\"fg-loader\"><\/div><\/div><div class=\"fg-item fg-type-image fg-idle\"><figure class=\"fg-item-inner\"><a href=\"http:\/\/www.sellingergasse7.at\/wp-content\/uploads\/2015\/08\/Punsch200712-pic_13.jpg\" data-attachment-id=\"689\" rel=\"lightbox[948]\" data-type=\"image\" class=\"fg-thumb\"><span class=\"fg-image-wrap\"><img decoding=\"async\" width=\"300\" height=\"200\" class=\"skip-lazy fg-image\" data-src-fg=\"http:\/\/www.sellingergasse7.at\/wp-content\/uploads\/cache\/2015\/08\/Punsch200712-pic_13\/160846824.jpg\" src=\"data:image\/svg+xml,%3Csvg%20xmlns%3D%22http%3A%2F%2Fwww.w3.org%2F2000%2Fsvg%22%20width%3D%22300%22%20height%3D%22200%22%20viewBox%3D%220%200%20300%20200%22%3E%3C%2Fsvg%3E\" loading=\"eager\"><\/span><span class=\"fg-image-overlay\"><\/span><\/a><figcaption class=\"fg-caption\"><div class=\"fg-caption-inner\"><\/div><\/figcaption><\/figure><div class=\"fg-loader\"><\/div><\/div><div class=\"fg-item fg-type-image fg-idle\"><figure class=\"fg-item-inner\"><a href=\"http:\/\/www.sellingergasse7.at\/wp-content\/uploads\/2015\/08\/Punsch200712-pic_12.jpg\" data-attachment-id=\"688\" rel=\"lightbox[948]\" data-type=\"image\" class=\"fg-thumb\"><span class=\"fg-image-wrap\"><img decoding=\"async\" width=\"300\" height=\"200\" class=\"skip-lazy fg-image\" data-src-fg=\"http:\/\/www.sellingergasse7.at\/wp-content\/uploads\/cache\/2015\/08\/Punsch200712-pic_12\/1708516661.jpg\" src=\"data:image\/svg+xml,%3Csvg%20xmlns%3D%22http%3A%2F%2Fwww.w3.org%2F2000%2Fsvg%22%20width%3D%22300%22%20height%3D%22200%22%20viewBox%3D%220%200%20300%20200%22%3E%3C%2Fsvg%3E\" loading=\"eager\"><\/span><span class=\"fg-image-overlay\"><\/span><\/a><figcaption class=\"fg-caption\"><div class=\"fg-caption-inner\"><\/div><\/figcaption><\/figure><div class=\"fg-loader\"><\/div><\/div><div class=\"fg-item fg-type-image fg-idle\"><figure class=\"fg-item-inner\"><a href=\"http:\/\/www.sellingergasse7.at\/wp-content\/uploads\/2015\/08\/Punsch200712-pic_11.jpg\" data-attachment-id=\"687\" rel=\"lightbox[948]\" data-type=\"image\" class=\"fg-thumb\"><span class=\"fg-image-wrap\"><img decoding=\"async\" width=\"300\" height=\"200\" class=\"skip-lazy fg-image\" data-src-fg=\"http:\/\/www.sellingergasse7.at\/wp-content\/uploads\/cache\/2015\/08\/Punsch200712-pic_11\/943606850.jpg\" src=\"data:image\/svg+xml,%3Csvg%20xmlns%3D%22http%3A%2F%2Fwww.w3.org%2F2000%2Fsvg%22%20width%3D%22300%22%20height%3D%22200%22%20viewBox%3D%220%200%20300%20200%22%3E%3C%2Fsvg%3E\" loading=\"eager\"><\/span><span class=\"fg-image-overlay\"><\/span><\/a><figcaption class=\"fg-caption\"><div class=\"fg-caption-inner\"><\/div><\/figcaption><\/figure><div class=\"fg-loader\"><\/div><\/div><div class=\"fg-item fg-type-image fg-idle\"><figure class=\"fg-item-inner\"><a href=\"http:\/\/www.sellingergasse7.at\/wp-content\/uploads\/2015\/08\/Punsch200712-pic_7.jpg\" data-attachment-id=\"683\" rel=\"lightbox[948]\" data-type=\"image\" class=\"fg-thumb\"><span class=\"fg-image-wrap\"><img decoding=\"async\" width=\"300\" height=\"200\" class=\"skip-lazy fg-image\" data-src-fg=\"http:\/\/www.sellingergasse7.at\/wp-content\/uploads\/cache\/2015\/08\/Punsch200712-pic_7\/3553825451.jpg\" src=\"data:image\/svg+xml,%3Csvg%20xmlns%3D%22http%3A%2F%2Fwww.w3.org%2F2000%2Fsvg%22%20width%3D%22300%22%20height%3D%22200%22%20viewBox%3D%220%200%20300%20200%22%3E%3C%2Fsvg%3E\" loading=\"eager\"><\/span><span class=\"fg-image-overlay\"><\/span><\/a><figcaption class=\"fg-caption\"><div class=\"fg-caption-inner\"><\/div><\/figcaption><\/figure><div class=\"fg-loader\"><\/div><\/div><div class=\"fg-item fg-type-image fg-idle\"><figure class=\"fg-item-inner\"><a href=\"http:\/\/www.sellingergasse7.at\/wp-content\/uploads\/2015\/08\/Punsch200712-pic_6.jpg\" data-attachment-id=\"682\" rel=\"lightbox[948]\" data-type=\"image\" class=\"fg-thumb\"><span class=\"fg-image-wrap\"><img decoding=\"async\" width=\"300\" height=\"200\" class=\"skip-lazy fg-image\" data-src-fg=\"http:\/\/www.sellingergasse7.at\/wp-content\/uploads\/cache\/2015\/08\/Punsch200712-pic_6\/4230818261.jpg\" src=\"data:image\/svg+xml,%3Csvg%20xmlns%3D%22http%3A%2F%2Fwww.w3.org%2F2000%2Fsvg%22%20width%3D%22300%22%20height%3D%22200%22%20viewBox%3D%220%200%20300%20200%22%3E%3C%2Fsvg%3E\" loading=\"eager\"><\/span><span class=\"fg-image-overlay\"><\/span><\/a><figcaption class=\"fg-caption\"><div class=\"fg-caption-inner\"><\/div><\/figcaption><\/figure><div class=\"fg-loader\"><\/div><\/div><div class=\"fg-item fg-type-image fg-idle\"><figure class=\"fg-item-inner\"><a href=\"http:\/\/www.sellingergasse7.at\/wp-content\/uploads\/2015\/08\/Punsch200712-pic_5.jpg\" data-attachment-id=\"681\" rel=\"lightbox[948]\" data-type=\"image\" class=\"fg-thumb\"><span class=\"fg-image-wrap\"><img decoding=\"async\" width=\"300\" height=\"200\" class=\"skip-lazy fg-image\" data-src-fg=\"http:\/\/www.sellingergasse7.at\/wp-content\/uploads\/cache\/2015\/08\/Punsch200712-pic_5\/2351916119.jpg\" src=\"data:image\/svg+xml,%3Csvg%20xmlns%3D%22http%3A%2F%2Fwww.w3.org%2F2000%2Fsvg%22%20width%3D%22300%22%20height%3D%22200%22%20viewBox%3D%220%200%20300%20200%22%3E%3C%2Fsvg%3E\" loading=\"eager\"><\/span><span class=\"fg-image-overlay\"><\/span><\/a><figcaption class=\"fg-caption\"><div class=\"fg-caption-inner\"><\/div><\/figcaption><\/figure><div class=\"fg-loader\"><\/div><\/div><div class=\"fg-item fg-type-image fg-idle\"><figure class=\"fg-item-inner\"><a href=\"http:\/\/www.sellingergasse7.at\/wp-content\/uploads\/2015\/08\/Punsch200712-pic_3.jpg\" data-attachment-id=\"679\" rel=\"lightbox[948]\" data-type=\"image\" class=\"fg-thumb\"><span class=\"fg-image-wrap\"><img decoding=\"async\" width=\"300\" height=\"200\" class=\"skip-lazy fg-image\" data-src-fg=\"http:\/\/www.sellingergasse7.at\/wp-content\/uploads\/cache\/2015\/08\/Punsch200712-pic_3\/3997238592.jpg\" src=\"data:image\/svg+xml,%3Csvg%20xmlns%3D%22http%3A%2F%2Fwww.w3.org%2F2000%2Fsvg%22%20width%3D%22300%22%20height%3D%22200%22%20viewBox%3D%220%200%20300%20200%22%3E%3C%2Fsvg%3E\" loading=\"eager\"><\/span><span class=\"fg-image-overlay\"><\/span><\/a><figcaption class=\"fg-caption\"><div class=\"fg-caption-inner\"><\/div><\/figcaption><\/figure><div class=\"fg-loader\"><\/div><\/div><div class=\"fg-item fg-type-image fg-idle\"><figure class=\"fg-item-inner\"><a href=\"http:\/\/www.sellingergasse7.at\/wp-content\/uploads\/2015\/08\/Punsch200712-pic_2.jpg\" data-attachment-id=\"678\" rel=\"lightbox[948]\" data-type=\"image\" class=\"fg-thumb\"><span class=\"fg-image-wrap\"><img decoding=\"async\" width=\"300\" height=\"200\" class=\"skip-lazy fg-image\" data-src-fg=\"http:\/\/www.sellingergasse7.at\/wp-content\/uploads\/cache\/2015\/08\/Punsch200712-pic_2\/3250535998.jpg\" src=\"data:image\/svg+xml,%3Csvg%20xmlns%3D%22http%3A%2F%2Fwww.w3.org%2F2000%2Fsvg%22%20width%3D%22300%22%20height%3D%22200%22%20viewBox%3D%220%200%20300%20200%22%3E%3C%2Fsvg%3E\" loading=\"eager\"><\/span><span class=\"fg-image-overlay\"><\/span><\/a><figcaption class=\"fg-caption\"><div class=\"fg-caption-inner\"><\/div><\/figcaption><\/figure><div class=\"fg-loader\"><\/div><\/div><div class=\"fg-item fg-type-image fg-idle\"><figure class=\"fg-item-inner\"><a href=\"http:\/\/www.sellingergasse7.at\/wp-content\/uploads\/2015\/08\/Punsch200712-pic_1.jpg\" data-attachment-id=\"677\" rel=\"lightbox[948]\" data-type=\"image\" class=\"fg-thumb\"><span class=\"fg-image-wrap\"><img decoding=\"async\" width=\"300\" height=\"200\" class=\"skip-lazy fg-image\" data-src-fg=\"http:\/\/www.sellingergasse7.at\/wp-content\/uploads\/cache\/2015\/08\/Punsch200712-pic_1\/4251604666.jpg\" src=\"data:image\/svg+xml,%3Csvg%20xmlns%3D%22http%3A%2F%2Fwww.w3.org%2F2000%2Fsvg%22%20width%3D%22300%22%20height%3D%22200%22%20viewBox%3D%220%200%20300%20200%22%3E%3C%2Fsvg%3E\" loading=\"eager\"><\/span><span class=\"fg-image-overlay\"><\/span><\/a><figcaption class=\"fg-caption\"><div class=\"fg-caption-inner\"><\/div><\/figcaption><\/figure><div class=\"fg-loader\"><\/div><\/div>    <\/div>\n<\/div>\n\n","protected":false},"excerpt":{"rendered":"<p>Adventzauber in der Sellingergasse Es war einmal vor gar nicht allzu langer Zeit eine kleine Gruppe von Menschen, die beschloss, gemeinsam, allen Widrigkeiten zum Trotz, einen gem\u00fctlichen Adventabend, irgendwo in Kaiser Ebersdorf, in einem netten kleinen Wohnbau gemeinsam zu verbringen. Die Temperaturen lagen weit \u00fcber 0\u00b0C und es war ein tr\u00fcber, unwinterlicher Abend. Aber ein [&hellip;]<\/p>\n","protected":false},"author":1,"featured_media":0,"parent":154,"menu_order":93,"comment_status":"closed","ping_status":"closed","template":"","meta":{"footnotes":""},"class_list":["post-995","page","type-page","status-publish","czr-hentry"],"_links":{"self":[{"href":"http:\/\/www.sellingergasse7.at\/index.php?rest_route=\/wp\/v2\/pages\/995","targetHints":{"allow":["GET"]}}],"collection":[{"href":"http:\/\/www.sellingergasse7.at\/index.php?rest_route=\/wp\/v2\/pages"}],"about":[{"href":"http:\/\/www.sellingergasse7.at\/index.php?rest_route=\/wp\/v2\/types\/page"}],"author":[{"embeddable":true,"href":"http:\/\/www.sellingergasse7.at\/index.php?rest_route=\/wp\/v2\/users\/1"}],"replies":[{"embeddable":true,"href":"http:\/\/www.sellingergasse7.at\/index.php?rest_route=%2Fwp%2Fv2%2Fcomments&post=995"}],"version-history":[{"count":2,"href":"http:\/\/www.sellingergasse7.at\/index.php?rest_route=\/wp\/v2\/pages\/995\/revisions"}],"predecessor-version":[{"id":997,"href":"http:\/\/www.sellingergasse7.at\/index.php?rest_route=\/wp\/v2\/pages\/995\/revisions\/997"}],"up":[{"embeddable":true,"href":"http:\/\/www.sellingergasse7.at\/index.php?rest_route=\/wp\/v2\/pages\/154"}],"wp:attachment":[{"href":"http:\/\/www.sellingergasse7.at\/index.php?rest_route=%2Fwp%2Fv2%2Fmedia&parent=995"}],"curies":[{"name":"wp","href":"https:\/\/api.w.org\/{rel}","templated":true}]}}